{"id":12657,"date":"2024-12-23T17:08:59","date_gmt":"2024-12-23T16:08:59","guid":{"rendered":"https:\/\/www.19paulfort.com\/galerie\/?page_id=12657"},"modified":"2024-12-23T17:09:59","modified_gmt":"2024-12-23T16:09:59","slug":"evenements-2025","status":"publish","type":"page","link":"http:\/\/www.19paulfort.com\/galerie\/index.php\/evenements-passes\/evenements-2025\/","title":{"rendered":"\u00c9v\u00e9nements 2025"},"content":{"rendered":"<ul class=\"lcp_catlist\" id=\"lcp_instance_0\"><li><a href=\"http:\/\/www.19paulfort.com\/galerie\/index.php\/2025\/01\/04\/concert-estelle-revaz-en-solo-3e-suite-de-bach-et-11-caprices-de-dallabaco-15-janvier-2025\/\">01 &#8211; 15 janvier &#8211; Concert &#8211; Estelle Revaz en solo &#8211; 3e suite de Bach et 11 Caprices de Dall&rsquo;Abaco &#8211;<\/a><\/li><li><a href=\"http:\/\/www.19paulfort.com\/galerie\/index.php\/2025\/01\/16\/12717\/\">02 &#8211; 03 F\u00e9vrier &#8211; Concert &#8211; Trio S. Domancich (piano), S. Goubert (batterie), L. Stewart (contrebasse)<\/a><\/li><li><a href=\"http:\/\/www.19paulfort.com\/galerie\/index.php\/2024\/12\/23\/concert-pascal-contet-accordeon-xavier-de-lignerolles-voix-wintereisse-de-f-schubert-9-janvier-2025\/\">02 &#8211; 09 F\u00e9vrier &#8211; Concert \u2014 Pascal Contet (accord\u00e9on), Xavier de Lignerolles (voix) dans Wintereisse de F. Schubert &#8211;<\/a><\/li><li><a href=\"http:\/\/www.19paulfort.com\/galerie\/index.php\/2025\/02\/02\/concert-francois-coutier-piano-dominique-pifarely-violon-11-fevrier-2025\/\">02 &#8211; 11 F\u00e9vrier &#8211; Concert &#8211; Fran\u00e7ois Couturier (piano), Dominique Pifar\u00e9ly (violon) &#8211;<\/a><\/li><li><a href=\"http:\/\/www.19paulfort.com\/galerie\/index.php\/2025\/03\/03\/03-12-mars-concert-fabrice-moreau-quartet-j-dumoulin-piano-r-izquierdo-sax-tenor-nelson-veras-guitare-fabrice-moreau-batterie-compositions\/\">03 &#8211; 12 mars &#8211; Concert &#8211; Fabrice Moreau Quartet &#8211;<\/a><\/li><li><a href=\"http:\/\/www.19paulfort.com\/galerie\/index.php\/2025\/03\/03\/03-18-mars-concert-quartet-s-ber-batterie-b-chevillon-contrebasse-g-coronado-guitare-t-malabysax\/\">03 &#8211; 18 mars &#8211; Concert &#8211; Quartet S. Ber (batterie), B. Chevillon (contrebasse), G. Coronado (guitare), T. Malaby (sax) &#8211;<\/a><\/li><li><a href=\"http:\/\/www.19paulfort.com\/galerie\/index.php\/2025\/03\/03\/03-22-mars-concert-orchestra-povera\/\">03 &#8211; 22 mars &#8211; Concert &#8211; Orchestra Povera &#8211;<\/a><\/li><li><a href=\"http:\/\/www.19paulfort.com\/galerie\/index.php\/2025\/03\/24\/04-02-avril-2025-trio-michael-attias-benoit-delbecq-samuel-ber\/\">04 &#8211; 02 avril &#8211; Concert &#8211; Trio Micha\u00ebl Attias, Beno\u00eet Delbecq, Samuel Ber<\/a><\/li><li><a href=\"http:\/\/www.19paulfort.com\/galerie\/index.php\/2025\/04\/03\/04-10-avril-2025-concert\/\">04 &#8211; 10 avril &#8211; Concert &#8211; Machado Novo Trio, \u00a0\u00bb Como as Flores\u00a0\u00bb<\/a><\/li><li><a href=\"http:\/\/www.19paulfort.com\/galerie\/index.php\/2025\/04\/21\/05-12-mai-concert-le-folk-roumain-rencontre-le-jazz-de-brooklyn\/\">05 &#8211; 12 mai &#8211; Concert &#8211; \u00ab\u00a0Le folk roumain rencontre le jazz de Brooklyn\u00a0\u00bb &#8211;<\/a><\/li><li><a href=\"http:\/\/www.19paulfort.com\/galerie\/index.php\/2025\/04\/17\/05-18-mai-concert\/\">05 &#8211; 18 mai &#8211; Concert &#8211; \u00ab\u00a0The Great Irish Poets Songbook\u00a0\u00bb &#8211;<\/a><\/li><li><a href=\"http:\/\/www.19paulfort.com\/galerie\/index.php\/2025\/04\/26\/05-21-mai-concert-trio-i-laubrock-sax-b-lopez-contreb-t-rainey-batt-no-es-la-playa\/\">05 &#8211; 21 mai &#8211; Concert &#8211; Trio I. Laubrock, sax. &#8211; B. Lopez, contreb. &#8211; T. Rainey, batt., \u00ab\u00a0No es la playa\u00a0\u00bb<\/a><\/li><li><a href=\"http:\/\/www.19paulfort.com\/galerie\/index.php\/2025\/05\/05\/05252025-concert-s-melikyan-piano-t-becker-bender-violon-entre-nostalgie-et-renouveau-les-annees-1917-1929-a-paris-et-berlin\/\">05 &#8211; 25 mai &#8211; Concert &#8211; S. M\u00e9likyan, piano &#8211; T. Becker-Bender, violon &#8211; \u00ab\u00a0Entre nostalgie et renouveau &#8211; les ann\u00e9es 1917-1929 \u00e0 Paris et Berlin\u00a0\u00bb<\/a><\/li><li><a href=\"http:\/\/www.19paulfort.com\/galerie\/index.php\/2025\/05\/23\/06-02-juin-concert-sakoto-fujii-duo-et-sakoto-fujii-trio\/\">06 &#8211; 02 juin &#8211; Concert Satoko Fujii duo et Satoko Fujii trio<\/a><\/li><li><a href=\"http:\/\/www.19paulfort.com\/galerie\/index.php\/2025\/05\/25\/06-07-juin-concert-kitgut-quartet-quatuor-a-cordes\/\">06 &#8211; 07 juin &#8211; Concert Kitgut quartet, quatuor \u00e0 cordes<\/a><\/li><li><a href=\"http:\/\/www.19paulfort.com\/galerie\/index.php\/2025\/05\/25\/06-17-juin-concert-francois-tusques-piano-pablo-cueco-percu-nicolas-souchal-tromptette\/\">06 &#8211; 17 juin &#8211; Concert Fran\u00e7ois Tusques (piano), Pablo Cueco (percu.), Nicolas Souchal (tromptette)<\/a><\/li><li><a href=\"http:\/\/www.19paulfort.com\/galerie\/index.php\/2025\/05\/25\/06-18-et-19-juin-rencontres-michel-muraour-ceramiste-pour-la-sortie-de-sa-biographie\/\">06 &#8211; 18 et 19 juin &#8211; Rencontres Michel Muraour, c\u00e9ramiste, pour la parution de sa biographie<\/a><\/li><li><a href=\"http:\/\/www.19paulfort.com\/galerie\/index.php\/2025\/05\/25\/06-22-juin-concert-de-la-pianiste-helene-fouquard\/\">06 &#8211; 22 juin &#8211; Concert de la pianiste H\u00e9l\u00e8ne Fouquard (Bach, Schumann, Debussy)<\/a><\/li><li><a href=\"http:\/\/www.19paulfort.com\/galerie\/index.php\/2025\/09\/15\/09-25-septembre\/\">09 &#8211; 25 septembre &#8211; \u00ab\u00a0Jazz et po\u00e9sie\u00a0\u00bb &#8211; piano Enzo Carniel &#8211; Franck M\u00e9dioni<\/a><\/li><li><a href=\"http:\/\/www.19paulfort.com\/galerie\/index.php\/2025\/09\/24\/10-08-octobre-concert-marc-ducret-guitare-stephane-payen-saxophone\/\">10 &#8211; 08 octobre &#8211; Concert &#8211; Marc Ducret, guitare &#8211; St\u00e9phane Payen, saxophone<\/a><\/li><li><a href=\"http:\/\/www.19paulfort.com\/galerie\/index.php\/2025\/10\/07\/13864\/\">10 &#8211; 15 octobre &#8211; Concert &#8211; Le quintet de Louis Sclavis, INDIA<\/a><\/li><li><a href=\"http:\/\/www.19paulfort.com\/galerie\/index.php\/2025\/10\/14\/10-25-octobre-concert-trio-samuel-blaser-trombone-bruno-chevillon-contrebasse-vincent-courtois-violoncelle\/\">10 &#8211; 25 octobre &#8211; Concert &#8211; Trio Samuel Blaser, trombone &#8211; Bruno Chevillon, contrebasse &#8211; Vincent Courtois, violoncelle<\/a><\/li><li><a href=\"http:\/\/www.19paulfort.com\/galerie\/index.php\/2025\/10\/25\/11-04-novembre-concert-transylvanian-danse-sur-les-traces-de-bela-bartok-l-ban-piano-m-maneri-violon\/\">11 &#8211; 04 novembre &#8211; Concert \u00ab\u00a0Transylvanian Danse sur les traces de B\u00e9la Bartok\u00a0\u00bb &#8211; L. Ban, piano &#8211; M. Maneri, violon<\/a><\/li><li><a href=\"http:\/\/www.19paulfort.com\/galerie\/index.php\/2025\/11\/05\/concert-trio-aura\/\">11 &#8211; 30 novembre &#8211; Concert &#8211; Trio AURA &#8211; F. Modarresifar, sant\u00fbr  &#8211; M. Mohammadi, tar &#8211; N. Mohseni, tombak &#8211;<\/a><\/li><li><a href=\"http:\/\/www.19paulfort.com\/galerie\/index.php\/2025\/11\/19\/12-02-20-decembre-exposition-autour-du-japon-ix\/\">12 &#8211; 02 \/ 20 d\u00e9cembre &#8211; Exposition \u00ab\u00a0Autour du Japon IX\u00a0\u00bb<\/a><\/li><li><a href=\"http:\/\/www.19paulfort.com\/galerie\/index.php\/2025\/12\/03\/12-16-decembre-concert-daniel-levin-violoncelle-mat-maneri-violon-alto\/\">12 &#8211; 16 d\u00e9cembre -Concert &#8211; Daniel Levin, violoncelle &#8211; Mat Maneri, violon alto<\/a><\/li><\/ul>\n","protected":false},"excerpt":{"rendered":"","protected":false},"author":1,"featured_media":0,"parent":350,"menu_order":0,"comment_status":"closed","ping_status":"closed","template":"","meta":{"footnotes":""},"class_list":["post-12657","page","type-page","status-publish","hentry"],"_links":{"self":[{"href":"http:\/\/www.19paulfort.com\/galerie\/index.php\/wp-json\/wp\/v2\/pages\/12657","targetHints":{"allow":["GET"]}}],"collection":[{"href":"http:\/\/www.19paulfort.com\/galerie\/index.php\/wp-json\/wp\/v2\/pages"}],"about":[{"href":"http:\/\/www.19paulfort.com\/galerie\/index.php\/wp-json\/wp\/v2\/types\/page"}],"author":[{"embeddable":true,"href":"http:\/\/www.19paulfort.com\/galerie\/index.php\/wp-json\/wp\/v2\/users\/1"}],"replies":[{"embeddable":true,"href":"http:\/\/www.19paulfort.com\/galerie\/index.php\/wp-json\/wp\/v2\/comments?post=12657"}],"version-history":[{"count":3,"href":"http:\/\/www.19paulfort.com\/galerie\/index.php\/wp-json\/wp\/v2\/pages\/12657\/revisions"}],"predecessor-version":[{"id":12660,"href":"http:\/\/www.19paulfort.com\/galerie\/index.php\/wp-json\/wp\/v2\/pages\/12657\/revisions\/12660"}],"up":[{"embeddable":true,"href":"http:\/\/www.19paulfort.com\/galerie\/index.php\/wp-json\/wp\/v2\/pages\/350"}],"wp:attachment":[{"href":"http:\/\/www.19paulfort.com\/galerie\/index.php\/wp-json\/wp\/v2\/media?parent=12657"}],"curies":[{"name":"wp","href":"https:\/\/api.w.org\/{rel}","templated":true}]}}