{"id":356,"date":"2016-04-03T16:43:15","date_gmt":"2016-04-03T15:43:15","guid":{"rendered":"http:\/\/www.19paulfort.com\/galerie\/?page_id=356"},"modified":"2016-05-16T08:33:13","modified_gmt":"2016-05-16T07:33:13","slug":"evenements-2015","status":"publish","type":"page","link":"http:\/\/www.19paulfort.com\/galerie\/index.php\/evenements-2015\/","title":{"rendered":"\u00c9v\u00e9nements 2015"},"content":{"rendered":"<p><ul class=\"lcp_catlist\" id=\"lcp_instance_0\"><li><a href=\"http:\/\/www.19paulfort.com\/galerie\/index.php\/2016\/05\/25\/concert-solo-de-jean-pierre-drouet\/\">03 &#8211; 15 mars &#8211; Concert &#8211; Jean-Pierre Drouet, solo<\/a><\/li><li><a href=\"http:\/\/www.19paulfort.com\/galerie\/index.php\/2016\/05\/25\/exposition-hier-maintenant-elisabeth-raphael-xavier-lambours-annie-zadek-mars-avril-2015\/\">03 &#8211; 24 mars \/ 04 avril &#8211; Expo. &#8211; \u00ab\u00a0Hier, maintenant&#8230;\u00a0\u00bb : Elisabeth Rapha\u00ebl, Xavier Lambours, Annie Zadek &#8211;<\/a><\/li><li><a href=\"http:\/\/www.19paulfort.com\/galerie\/index.php\/2016\/05\/25\/concert-solo-de-pierre-favre-16-avril-2015\/\">04 &#8211; 16 avril &#8211; Concert &#8211; Pierre Favre, solo<\/a><\/li><li><a href=\"http:\/\/www.19paulfort.com\/galerie\/index.php\/2016\/05\/25\/exposition-magies-keka-ruiz-tagle-didier-goupy-marthe-et-jean-marie-simonnet-mai-2015\/\">05 &#8211; 05 \/ 25 mai &#8211; Exposition &#8211; \u00ab\u00a0Magies\u00a0\u00bb : Keka Ruiz-Tagle, Didier Goupy, Marthe et Jean-Marie Simonnet<\/a><\/li><li><a href=\"http:\/\/www.19paulfort.com\/galerie\/index.php\/2016\/05\/25\/concert-musimagie-abdul-alafrez-et-jean-pierre-drouet\/\">05 &#8211; 24 mai &#8211; Concert &#8211; Musimagie : Abdul Alafrez et Jean-Pierre Drouet<\/a><\/li><li><a href=\"http:\/\/www.19paulfort.com\/galerie\/index.php\/2016\/05\/26\/concert-rencontre-avec-francesco-filidei-et-antoine-gindt-opera-giordano-bruno\/\">07 &#8211; 01 juillet &#8211; Rencontre &#8211; Francesco Filidei et Antoine Gindt &#8211; Op\u00e9ra \u00ab\u00a0Giordano Bruno\u00a0\u00bb &#8211;<\/a><\/li><li><a href=\"http:\/\/www.19paulfort.com\/galerie\/index.php\/2016\/05\/25\/concert-du-duo-benoit-delbecq-et-ben-goldberg-8-juil-2015\/\">07 &#8211; 08 juillet &#8211; Concert &#8211; Duo Beno\u00eet Delbecq et Ben Goldberg<\/a><\/li><li><a href=\"http:\/\/www.19paulfort.com\/galerie\/index.php\/2016\/05\/25\/exposition-vente-portobello-revient-porte-dorleans-4-6-sept-2015\/\">09 &#8211; 04 \/ 06 septembre &#8211; Exposition-vente &#8211; \u00ab\u00a0Portobello revient Porte d&rsquo;Orl\u00e9ans\u00a0\u00bb<\/a><\/li><li><a href=\"http:\/\/www.19paulfort.com\/galerie\/index.php\/2016\/05\/25\/exposition-positif-exil-lawson-oyekan-rachid-koraichi-terhi-tolvanen\/\">10 &#8211; 19 octobre \/ 08 novembre &#8211; Expo. &#8211; \u00ab\u00a0Positif exil\u00a0\u00bb : Lawson Oyekan, Rachid Kora\u00efchi, Terhi Tolvanen &#8211;<\/a><\/li><li><a href=\"http:\/\/www.19paulfort.com\/galerie\/index.php\/2016\/05\/25\/concert-de-khaled-al-jaramani-et-serge-teyssot-gay-22-oct-2015\/\">10 &#8211; 22 octobre &#8211; Concert &#8211; Khaled Al Jaramani et Serge Teyssot-Gay<\/a><\/li><li><a href=\"http:\/\/www.19paulfort.com\/galerie\/index.php\/2016\/05\/25\/concert-de-tango-du-classique-au-contemporain-olivier-manoury-et-le-quatuor-sesame-dans-le-cadre-de-lexposition-positif-exil-4-nov-2015\/\">11 &#8211; 04 novembre &#8211; Concert &#8211; Tango, du class. au contemp. &#8211; O. Manoury &#038; Quatuor S\u00e9same (expo. \u00ab\u00a0Positif exil\u00a0\u00bb) &#8211;<\/a><\/li><li><a href=\"http:\/\/www.19paulfort.com\/galerie\/index.php\/2016\/05\/25\/concert-de-lensemble-talisma-kuijken-norrington-sluchin-15-nov-2015\/\">11 &#8211; 15 novembre &#8211; Concert &#8211; Ensemble Talisma (Kuijken, Norrington, Sluchin)<\/a><\/li><li><a href=\"http:\/\/www.19paulfort.com\/galerie\/index.php\/2016\/06\/09\/exposition-autour-du-japon-v-17-nov-au-6-dec-2015\/\">11 &#8211; 17 novembre \/ 6 d\u00e9cembre &#8211; Exposition &#8211; \u00ab\u00a0Autour du Japon (V)\u00a0\u00bb<\/a><\/li><li><a href=\"http:\/\/www.19paulfort.com\/galerie\/index.php\/2016\/05\/25\/concert-de-le-renaudin-trio-hugues-rouse-sebastien-dochy-bertrand-renaudin-26-nov-2015\/\">11 &#8211; 26 novembre &#8211; Concert &#8211; Le Renaudin Trio : H. Rous\u00e9, S. Dochy, B. Renaudin &#8211;<\/a><\/li><li><a href=\"http:\/\/www.19paulfort.com\/galerie\/index.php\/2016\/05\/25\/concert-de-east-west-trio-didier-petit-xu-fengxia-sylvain-kassap-13-dec-2015\/\">12 &#8211; 13 d\u00e9cembre &#8211; Concert &#8211; East-West Trio : Didier Petit, Xu Fengxia, Sylvain Kassap<\/a><\/li><li><a href=\"http:\/\/www.19paulfort.com\/galerie\/index.php\/2016\/05\/25\/exposition-avant-juillet-2015-cuba-photographies-dalain-villain-dec-2015\/\">12 &#8211; 15 \/ 24 d\u00e9cembre &#8211; Exposition &#8211; \u00ab\u00a0Avant juillet 2015&#8230; Cuba\u00a0\u00bb, photographies d&rsquo;Alain Villain &#8211;<\/a><\/li><\/ul><br \/>\nVous ne trouvez pas la fiche ici ? Peut-\u00eatre n&rsquo;a-t-elle pas encore \u00e9t\u00e9 transf\u00e9r\u00e9e de <a href=\"http:\/\/19paulfort.com\/index.php?option=com_content&amp;view=article&amp;id=60&amp;Itemid=160&amp;lang=fr\" target=\"_blank\">l&rsquo;ancien site<\/p>\n<p><\/a><div id=\"metaslider-id-241\" style=\"max-width: 700px; margin: 0 auto;\" class=\"ml-slider-3-108-0 metaslider metaslider-flex metaslider-241 ml-slider ms-theme-default nav-hidden\" role=\"region\" aria-label=\"Le Lieu\" data-height=\"300\" data-width=\"700\">\n    <div id=\"metaslider_container_241\">\n        <div id=\"metaslider_241\" class=\"flexslider\">\n            <ul class='slides'>\n                <li style=\"display: block; width: 100%;\" class=\"slide-31 ms-image \" aria-roledescription=\"slide\" data-date=\"2016-04-01 10:52:16\" data-filename=\"ruePaulFort16-700x300.jpg\" data-slide-type=\"image\"><img loading=\"lazy\" decoding=\"async\" src=\"http:\/\/www.19paulfort.com\/galerie\/wp-content\/uploads\/2016\/04\/ruePaulFort16-700x300.jpg\" height=\"300\" width=\"700\" alt=\"\" class=\"slider-241 slide-31 msDefaultImage\" \/><\/li>\n                <li style=\"display: none; width: 100%;\" class=\"slide-30 ms-image \" aria-roledescription=\"slide\" data-date=\"2016-04-01 10:52:14\" data-filename=\"ruePaulFort15-700x300.jpg\" data-slide-type=\"image\"><img loading=\"lazy\" decoding=\"async\" src=\"http:\/\/www.19paulfort.com\/galerie\/wp-content\/uploads\/2016\/04\/ruePaulFort15-700x300.jpg\" height=\"300\" width=\"700\" alt=\"\" class=\"slider-241 slide-30 msDefaultImage\" \/><\/li>\n                <li style=\"display: none; width: 100%;\" class=\"slide-29 ms-image \" aria-roledescription=\"slide\" data-date=\"2016-04-01 10:52:11\" data-filename=\"ruePaulFort14-700x300.jpg\" data-slide-type=\"image\"><img loading=\"lazy\" decoding=\"async\" src=\"http:\/\/www.19paulfort.com\/galerie\/wp-content\/uploads\/2016\/04\/ruePaulFort14-700x300.jpg\" height=\"300\" width=\"700\" alt=\"\" class=\"slider-241 slide-29 msDefaultImage\" \/><\/li>\n                <li style=\"display: none; width: 100%;\" class=\"slide-28 ms-image \" aria-roledescription=\"slide\" data-date=\"2016-04-01 10:52:09\" data-filename=\"ruePaulFort13-700x300.jpg\" data-slide-type=\"image\"><img loading=\"lazy\" decoding=\"async\" src=\"http:\/\/www.19paulfort.com\/galerie\/wp-content\/uploads\/2016\/04\/ruePaulFort13-700x300.jpg\" height=\"300\" width=\"700\" alt=\"\" class=\"slider-241 slide-28 msDefaultImage\" \/><\/li>\n                <li style=\"display: none; width: 100%;\" class=\"slide-27 ms-image \" aria-roledescription=\"slide\" data-date=\"2016-04-01 10:52:06\" data-filename=\"ruePaulFort12-700x300.jpg\" data-slide-type=\"image\"><img loading=\"lazy\" decoding=\"async\" src=\"http:\/\/www.19paulfort.com\/galerie\/wp-content\/uploads\/2016\/04\/ruePaulFort12-700x300.jpg\" height=\"300\" width=\"700\" alt=\"\" class=\"slider-241 slide-27 msDefaultImage\" \/><\/li>\n                <li style=\"display: none; width: 100%;\" class=\"slide-26 ms-image \" aria-roledescription=\"slide\" data-date=\"2016-04-01 10:52:04\" data-filename=\"ruePaulFort11-700x300.jpg\" data-slide-type=\"image\"><img loading=\"lazy\" decoding=\"async\" src=\"http:\/\/www.19paulfort.com\/galerie\/wp-content\/uploads\/2016\/04\/ruePaulFort11-700x300.jpg\" height=\"300\" width=\"700\" alt=\"\" class=\"slider-241 slide-26 msDefaultImage\" \/><\/li>\n                <li style=\"display: none; width: 100%;\" class=\"slide-25 ms-image \" aria-roledescription=\"slide\" data-date=\"2016-04-01 10:52:02\" data-filename=\"ruePaulFort10-700x300.jpg\" data-slide-type=\"image\"><img loading=\"lazy\" decoding=\"async\" src=\"http:\/\/www.19paulfort.com\/galerie\/wp-content\/uploads\/2016\/04\/ruePaulFort10-700x300.jpg\" height=\"300\" width=\"700\" alt=\"\" class=\"slider-241 slide-25 msDefaultImage\" \/><\/li>\n                <li style=\"display: none; width: 100%;\" class=\"slide-24 ms-image \" aria-roledescription=\"slide\" data-date=\"2016-04-01 10:51:59\" data-filename=\"ruePaulFort9-700x300.jpg\" data-slide-type=\"image\"><img loading=\"lazy\" decoding=\"async\" src=\"http:\/\/www.19paulfort.com\/galerie\/wp-content\/uploads\/2016\/04\/ruePaulFort9-700x300.jpg\" height=\"300\" width=\"700\" alt=\"\" class=\"slider-241 slide-24 msDefaultImage\" \/><\/li>\n                <li style=\"display: none; width: 100%;\" class=\"slide-23 ms-image \" aria-roledescription=\"slide\" data-date=\"2016-04-01 10:51:56\" data-filename=\"ruePaulFort8-700x300.jpg\" data-slide-type=\"image\"><img loading=\"lazy\" decoding=\"async\" src=\"http:\/\/www.19paulfort.com\/galerie\/wp-content\/uploads\/2016\/04\/ruePaulFort8-700x300.jpg\" height=\"300\" width=\"700\" alt=\"\" class=\"slider-241 slide-23 msDefaultImage\" \/><\/li>\n                <li style=\"display: none; width: 100%;\" class=\"slide-22 ms-image \" aria-roledescription=\"slide\" data-date=\"2016-04-01 10:51:54\" data-filename=\"ruePaulFort7-700x300.jpg\" data-slide-type=\"image\"><img loading=\"lazy\" decoding=\"async\" src=\"http:\/\/www.19paulfort.com\/galerie\/wp-content\/uploads\/2016\/04\/ruePaulFort7-700x300.jpg\" height=\"300\" width=\"700\" alt=\"\" class=\"slider-241 slide-22 msDefaultImage\" \/><\/li>\n                <li style=\"display: none; width: 100%;\" class=\"slide-21 ms-image \" aria-roledescription=\"slide\" data-date=\"2016-04-01 10:51:51\" data-filename=\"ruePaulFort6-700x300.jpg\" data-slide-type=\"image\"><img loading=\"lazy\" decoding=\"async\" src=\"http:\/\/www.19paulfort.com\/galerie\/wp-content\/uploads\/2016\/04\/ruePaulFort6-700x300.jpg\" height=\"300\" width=\"700\" alt=\"\" class=\"slider-241 slide-21 msDefaultImage\" \/><\/li>\n                <li style=\"display: none; width: 100%;\" class=\"slide-20 ms-image \" aria-roledescription=\"slide\" data-date=\"2016-04-01 10:51:49\" data-filename=\"ruePaulFort5-700x300.jpg\" data-slide-type=\"image\"><img loading=\"lazy\" decoding=\"async\" src=\"http:\/\/www.19paulfort.com\/galerie\/wp-content\/uploads\/2016\/04\/ruePaulFort5-700x300.jpg\" height=\"300\" width=\"700\" alt=\"\" class=\"slider-241 slide-20 msDefaultImage\" \/><\/li>\n                <li style=\"display: none; width: 100%;\" class=\"slide-19 ms-image \" aria-roledescription=\"slide\" data-date=\"2016-04-01 10:51:47\" data-filename=\"ruePaulFort4-700x300.jpg\" data-slide-type=\"image\"><img loading=\"lazy\" decoding=\"async\" src=\"http:\/\/www.19paulfort.com\/galerie\/wp-content\/uploads\/2016\/04\/ruePaulFort4-700x300.jpg\" height=\"300\" width=\"700\" alt=\"\" class=\"slider-241 slide-19 msDefaultImage\" \/><\/li>\n                <li style=\"display: none; width: 100%;\" class=\"slide-18 ms-image \" aria-roledescription=\"slide\" data-date=\"2016-04-01 10:51:45\" data-filename=\"ruePaulFort3-700x300.jpg\" data-slide-type=\"image\"><img loading=\"lazy\" decoding=\"async\" src=\"http:\/\/www.19paulfort.com\/galerie\/wp-content\/uploads\/2016\/04\/ruePaulFort3-700x300.jpg\" height=\"300\" width=\"700\" alt=\"\" class=\"slider-241 slide-18 msDefaultImage\" \/><\/li>\n                <li style=\"display: none; width: 100%;\" class=\"slide-17 ms-image \" aria-roledescription=\"slide\" data-date=\"2016-04-01 10:51:43\" data-filename=\"ruePaulFort2-700x300.jpg\" data-slide-type=\"image\"><img loading=\"lazy\" decoding=\"async\" src=\"http:\/\/www.19paulfort.com\/galerie\/wp-content\/uploads\/2016\/04\/ruePaulFort2-700x300.jpg\" height=\"300\" width=\"700\" alt=\"\" class=\"slider-241 slide-17 msDefaultImage\" \/><\/li>\n                <li style=\"display: none; width: 100%;\" class=\"slide-16 ms-image \" aria-roledescription=\"slide\" data-date=\"2016-04-01 10:51:40\" data-filename=\"ruePaulFort1-700x300.jpg\" data-slide-type=\"image\"><img loading=\"lazy\" decoding=\"async\" src=\"http:\/\/www.19paulfort.com\/galerie\/wp-content\/uploads\/2016\/04\/ruePaulFort1-700x300.jpg\" height=\"300\" width=\"700\" alt=\"\" class=\"slider-241 slide-16 msDefaultImage\" \/><\/li>\n            <\/ul>\n        <\/div>\n        \n    <\/div>\n<\/div><\/p>\n","protected":false},"excerpt":{"rendered":"<p>Vous ne trouvez pas la fiche ici ? Peut-\u00eatre n&rsquo;a-t-elle pas encore \u00e9t\u00e9 transf\u00e9r\u00e9e de l&rsquo;ancien site<\/p>\n","protected":false},"author":1,"featured_media":0,"parent":0,"menu_order":0,"comment_status":"closed","ping_status":"closed","template":"","meta":{"footnotes":""},"class_list":["post-356","page","type-page","status-publish","hentry"],"_links":{"self":[{"href":"http:\/\/www.19paulfort.com\/galerie\/index.php\/wp-json\/wp\/v2\/pages\/356","targetHints":{"allow":["GET"]}}],"collection":[{"href":"http:\/\/www.19paulfort.com\/galerie\/index.php\/wp-json\/wp\/v2\/pages"}],"about":[{"href":"http:\/\/www.19paulfort.com\/galerie\/index.php\/wp-json\/wp\/v2\/types\/page"}],"author":[{"embeddable":true,"href":"http:\/\/www.19paulfort.com\/galerie\/index.php\/wp-json\/wp\/v2\/users\/1"}],"replies":[{"embeddable":true,"href":"http:\/\/www.19paulfort.com\/galerie\/index.php\/wp-json\/wp\/v2\/comments?post=356"}],"version-history":[{"count":3,"href":"http:\/\/www.19paulfort.com\/galerie\/index.php\/wp-json\/wp\/v2\/pages\/356\/revisions"}],"predecessor-version":[{"id":621,"href":"http:\/\/www.19paulfort.com\/galerie\/index.php\/wp-json\/wp\/v2\/pages\/356\/revisions\/621"}],"wp:attachment":[{"href":"http:\/\/www.19paulfort.com\/galerie\/index.php\/wp-json\/wp\/v2\/media?parent=356"}],"curies":[{"name":"wp","href":"https:\/\/api.w.org\/{rel}","templated":true}]}}