{"id":391,"date":"2016-04-03T16:51:27","date_gmt":"2016-04-03T15:51:27","guid":{"rendered":"http:\/\/www.19paulfort.com\/galerie\/?page_id=391"},"modified":"2016-05-16T08:27:32","modified_gmt":"2016-05-16T07:27:32","slug":"audiovisuel","status":"publish","type":"page","link":"http:\/\/www.19paulfort.com\/galerie\/index.php\/audiovisuel\/","title":{"rendered":"Audiovisuel"},"content":{"rendered":"<p><ul class=\"lcp_catlist\" id=\"lcp_instance_0\"><li><a href=\"http:\/\/www.19paulfort.com\/galerie\/index.php\/2018\/12\/20\/projection-concert-simha-suivi-dune-demonstration-de-polyrythmies-du-mali-et-dun-concert-de-musiques-dafrique-de-louest-7-janvier-2019\/\">01 &#8211; 07 janvier &#8211; Proj.-concert &#8211; \u00ab\u00a0Simha\u00a0\u00bb, + polyrythmies du Mali et concert de musiques d&rsquo;Afrique de l&rsquo;Ouest &#8211;<\/a><\/li><li><a href=\"http:\/\/www.19paulfort.com\/galerie\/index.php\/2016\/06\/01\/audiovisuel-traviata-et-nous-de-philippe-beziat-28-mars-2013\/\">03 &#8211; 28 mars &#8211; Audiovisuel &#8211; Film \u00ab\u00a0Traviata et Nous\u00a0\u00bb  de Philippe Beziat &#8211;<\/a><\/li><li><a href=\"http:\/\/www.19paulfort.com\/galerie\/index.php\/2019\/04\/21\/projection-200-motels-film-de-c-lecomte-et-p-beziat-7-mai-2019\/\">05 &#8211; 07 mai &#8211; Projection &#8211; 200 Motels &#8211; film de C. Lecomte et P. B\u00e9ziat<\/a><\/li><li><a href=\"http:\/\/www.19paulfort.com\/galerie\/index.php\/2016\/05\/25\/film-ulysse-a-dublin-de-charlotte-szlovak\/\">06 &#8211; 19 juin &#8211; Audiovisuel &#8211; Film \u00ab\u00a0Ulysse \u00e0 Dublin\u00a0\u00bb de Charlotte Szlovak<\/a><\/li><li><a href=\"http:\/\/www.19paulfort.com\/galerie\/index.php\/2016\/05\/25\/projection-du-film-et-si-de-serge-lalou-suivie-dun-debat\/\">10 &#8211; 16 octobre &#8211; Audiovisuel &#8211; Film \u00ab\u00a0Et si\u00a0\u00bb de Serge Lalou, suivi d&rsquo;un d\u00e9bat<\/a><\/li><li><a href=\"http:\/\/www.19paulfort.com\/galerie\/index.php\/2016\/11\/27\/audiovisuel-operas-filmes-aliados-et-giordano-bruno-6-et-7-decembre-2016\/\">12 &#8211; 06 \/ 07 d\u00e9cembre &#8211; Audiovisuel &#8211; Op\u00e9ras film\u00e9s \u00ab\u00a0Aliados\u00a0\u00bb et \u00ab\u00a0Giordano Bruno\u00a0\u00bb &#8211;<\/a><\/li><li><a href=\"http:\/\/www.19paulfort.com\/galerie\/index.php\/2019\/04\/21\/film-frank-zappa-200-motels-the-suites\/\">Audiovisuel &#8211; Film \u00ab\u00a0Frank Zappa &#8211; 200 Motels (the suites)\u00a0\u00bb de C. Leconte et Ph. B\u00e9ziat<\/a><\/li><li><a href=\"http:\/\/www.19paulfort.com\/galerie\/index.php\/2016\/11\/23\/beziat-philippe\/\">B\u00c9ZIAT Philippe \u2022<\/a><\/li><li><a href=\"http:\/\/www.19paulfort.com\/galerie\/index.php\/2018\/12\/20\/blumberg-jerome\/\">BLUMBERG J\u00e9r\u00f4me &#8211;<\/a><\/li><li><a href=\"http:\/\/www.19paulfort.com\/galerie\/index.php\/2021\/10\/05\/9449\/\">BOUCHENTOUF Maurice \u2022<\/a><\/li><li><a href=\"http:\/\/www.19paulfort.com\/galerie\/index.php\/2023\/12\/01\/feld-marc\/\">FELD Marc &#8211;<\/a><\/li><li><a href=\"http:\/\/www.19paulfort.com\/galerie\/index.php\/2016\/06\/07\/szlovak-charlotte\/\">SZLOVAK Charlotte<\/a><\/li><li><a href=\"http:\/\/www.19paulfort.com\/galerie\/index.php\/2016\/06\/09\/tchalenko-john\/\">TCHALENKO John &#8211;<\/a><\/li><\/ul><br \/>\nVous ne trouvez pas la fiche ici ? Peut-\u00eatre n&rsquo;a-t-elle pas encore \u00e9t\u00e9 transf\u00e9r\u00e9e de <a href=\"http:\/\/19paulfort.com\/index.php?option=com_content&amp;view=article&amp;id=60&amp;Itemid=160&amp;lang=fr\" target=\"_blank\">l&rsquo;ancien site<\/p>\n<p><\/a><div id=\"metaslider-id-241\" style=\"max-width: 700px; margin: 0 auto;\" class=\"ml-slider-3-108-0 metaslider metaslider-flex metaslider-241 ml-slider ms-theme-default nav-hidden\" role=\"region\" aria-label=\"Le Lieu\" data-height=\"300\" data-width=\"700\">\n    <div id=\"metaslider_container_241\">\n        <div id=\"metaslider_241\" class=\"flexslider\">\n            <ul class='slides'>\n                <li style=\"display: block; width: 100%;\" class=\"slide-31 ms-image \" aria-roledescription=\"slide\" data-date=\"2016-04-01 10:52:16\" data-filename=\"ruePaulFort16-700x300.jpg\" data-slide-type=\"image\"><img loading=\"lazy\" decoding=\"async\" src=\"http:\/\/www.19paulfort.com\/galerie\/wp-content\/uploads\/2016\/04\/ruePaulFort16-700x300.jpg\" height=\"300\" width=\"700\" alt=\"\" class=\"slider-241 slide-31 msDefaultImage\" \/><\/li>\n                <li style=\"display: none; width: 100%;\" class=\"slide-30 ms-image \" aria-roledescription=\"slide\" data-date=\"2016-04-01 10:52:14\" data-filename=\"ruePaulFort15-700x300.jpg\" data-slide-type=\"image\"><img loading=\"lazy\" decoding=\"async\" src=\"http:\/\/www.19paulfort.com\/galerie\/wp-content\/uploads\/2016\/04\/ruePaulFort15-700x300.jpg\" height=\"300\" width=\"700\" alt=\"\" class=\"slider-241 slide-30 msDefaultImage\" \/><\/li>\n                <li style=\"display: none; width: 100%;\" class=\"slide-29 ms-image \" aria-roledescription=\"slide\" data-date=\"2016-04-01 10:52:11\" data-filename=\"ruePaulFort14-700x300.jpg\" data-slide-type=\"image\"><img loading=\"lazy\" decoding=\"async\" src=\"http:\/\/www.19paulfort.com\/galerie\/wp-content\/uploads\/2016\/04\/ruePaulFort14-700x300.jpg\" height=\"300\" width=\"700\" alt=\"\" class=\"slider-241 slide-29 msDefaultImage\" \/><\/li>\n                <li style=\"display: none; width: 100%;\" class=\"slide-28 ms-image \" aria-roledescription=\"slide\" data-date=\"2016-04-01 10:52:09\" data-filename=\"ruePaulFort13-700x300.jpg\" data-slide-type=\"image\"><img loading=\"lazy\" decoding=\"async\" src=\"http:\/\/www.19paulfort.com\/galerie\/wp-content\/uploads\/2016\/04\/ruePaulFort13-700x300.jpg\" height=\"300\" width=\"700\" alt=\"\" class=\"slider-241 slide-28 msDefaultImage\" \/><\/li>\n                <li style=\"display: none; width: 100%;\" class=\"slide-27 ms-image \" aria-roledescription=\"slide\" data-date=\"2016-04-01 10:52:06\" data-filename=\"ruePaulFort12-700x300.jpg\" data-slide-type=\"image\"><img loading=\"lazy\" decoding=\"async\" src=\"http:\/\/www.19paulfort.com\/galerie\/wp-content\/uploads\/2016\/04\/ruePaulFort12-700x300.jpg\" height=\"300\" width=\"700\" alt=\"\" class=\"slider-241 slide-27 msDefaultImage\" \/><\/li>\n                <li style=\"display: none; width: 100%;\" class=\"slide-26 ms-image \" aria-roledescription=\"slide\" data-date=\"2016-04-01 10:52:04\" data-filename=\"ruePaulFort11-700x300.jpg\" data-slide-type=\"image\"><img loading=\"lazy\" decoding=\"async\" src=\"http:\/\/www.19paulfort.com\/galerie\/wp-content\/uploads\/2016\/04\/ruePaulFort11-700x300.jpg\" height=\"300\" width=\"700\" alt=\"\" class=\"slider-241 slide-26 msDefaultImage\" \/><\/li>\n                <li style=\"display: none; width: 100%;\" class=\"slide-25 ms-image \" aria-roledescription=\"slide\" data-date=\"2016-04-01 10:52:02\" data-filename=\"ruePaulFort10-700x300.jpg\" data-slide-type=\"image\"><img loading=\"lazy\" decoding=\"async\" src=\"http:\/\/www.19paulfort.com\/galerie\/wp-content\/uploads\/2016\/04\/ruePaulFort10-700x300.jpg\" height=\"300\" width=\"700\" alt=\"\" class=\"slider-241 slide-25 msDefaultImage\" \/><\/li>\n                <li style=\"display: none; width: 100%;\" class=\"slide-24 ms-image \" aria-roledescription=\"slide\" data-date=\"2016-04-01 10:51:59\" data-filename=\"ruePaulFort9-700x300.jpg\" data-slide-type=\"image\"><img loading=\"lazy\" decoding=\"async\" src=\"http:\/\/www.19paulfort.com\/galerie\/wp-content\/uploads\/2016\/04\/ruePaulFort9-700x300.jpg\" height=\"300\" width=\"700\" alt=\"\" class=\"slider-241 slide-24 msDefaultImage\" \/><\/li>\n                <li style=\"display: none; width: 100%;\" class=\"slide-23 ms-image \" aria-roledescription=\"slide\" data-date=\"2016-04-01 10:51:56\" data-filename=\"ruePaulFort8-700x300.jpg\" data-slide-type=\"image\"><img loading=\"lazy\" decoding=\"async\" src=\"http:\/\/www.19paulfort.com\/galerie\/wp-content\/uploads\/2016\/04\/ruePaulFort8-700x300.jpg\" height=\"300\" width=\"700\" alt=\"\" class=\"slider-241 slide-23 msDefaultImage\" \/><\/li>\n                <li style=\"display: none; width: 100%;\" class=\"slide-22 ms-image \" aria-roledescription=\"slide\" data-date=\"2016-04-01 10:51:54\" data-filename=\"ruePaulFort7-700x300.jpg\" data-slide-type=\"image\"><img loading=\"lazy\" decoding=\"async\" src=\"http:\/\/www.19paulfort.com\/galerie\/wp-content\/uploads\/2016\/04\/ruePaulFort7-700x300.jpg\" height=\"300\" width=\"700\" alt=\"\" class=\"slider-241 slide-22 msDefaultImage\" \/><\/li>\n                <li style=\"display: none; width: 100%;\" class=\"slide-21 ms-image \" aria-roledescription=\"slide\" data-date=\"2016-04-01 10:51:51\" data-filename=\"ruePaulFort6-700x300.jpg\" data-slide-type=\"image\"><img loading=\"lazy\" decoding=\"async\" src=\"http:\/\/www.19paulfort.com\/galerie\/wp-content\/uploads\/2016\/04\/ruePaulFort6-700x300.jpg\" height=\"300\" width=\"700\" alt=\"\" class=\"slider-241 slide-21 msDefaultImage\" \/><\/li>\n                <li style=\"display: none; width: 100%;\" class=\"slide-20 ms-image \" aria-roledescription=\"slide\" data-date=\"2016-04-01 10:51:49\" data-filename=\"ruePaulFort5-700x300.jpg\" data-slide-type=\"image\"><img loading=\"lazy\" decoding=\"async\" src=\"http:\/\/www.19paulfort.com\/galerie\/wp-content\/uploads\/2016\/04\/ruePaulFort5-700x300.jpg\" height=\"300\" width=\"700\" alt=\"\" class=\"slider-241 slide-20 msDefaultImage\" \/><\/li>\n                <li style=\"display: none; width: 100%;\" class=\"slide-19 ms-image \" aria-roledescription=\"slide\" data-date=\"2016-04-01 10:51:47\" data-filename=\"ruePaulFort4-700x300.jpg\" data-slide-type=\"image\"><img loading=\"lazy\" decoding=\"async\" src=\"http:\/\/www.19paulfort.com\/galerie\/wp-content\/uploads\/2016\/04\/ruePaulFort4-700x300.jpg\" height=\"300\" width=\"700\" alt=\"\" class=\"slider-241 slide-19 msDefaultImage\" \/><\/li>\n                <li style=\"display: none; width: 100%;\" class=\"slide-18 ms-image \" aria-roledescription=\"slide\" data-date=\"2016-04-01 10:51:45\" data-filename=\"ruePaulFort3-700x300.jpg\" data-slide-type=\"image\"><img loading=\"lazy\" decoding=\"async\" src=\"http:\/\/www.19paulfort.com\/galerie\/wp-content\/uploads\/2016\/04\/ruePaulFort3-700x300.jpg\" height=\"300\" width=\"700\" alt=\"\" class=\"slider-241 slide-18 msDefaultImage\" \/><\/li>\n                <li style=\"display: none; width: 100%;\" class=\"slide-17 ms-image \" aria-roledescription=\"slide\" data-date=\"2016-04-01 10:51:43\" data-filename=\"ruePaulFort2-700x300.jpg\" data-slide-type=\"image\"><img loading=\"lazy\" decoding=\"async\" src=\"http:\/\/www.19paulfort.com\/galerie\/wp-content\/uploads\/2016\/04\/ruePaulFort2-700x300.jpg\" height=\"300\" width=\"700\" alt=\"\" class=\"slider-241 slide-17 msDefaultImage\" \/><\/li>\n                <li style=\"display: none; width: 100%;\" class=\"slide-16 ms-image \" aria-roledescription=\"slide\" data-date=\"2016-04-01 10:51:40\" data-filename=\"ruePaulFort1-700x300.jpg\" data-slide-type=\"image\"><img loading=\"lazy\" decoding=\"async\" src=\"http:\/\/www.19paulfort.com\/galerie\/wp-content\/uploads\/2016\/04\/ruePaulFort1-700x300.jpg\" height=\"300\" width=\"700\" alt=\"\" class=\"slider-241 slide-16 msDefaultImage\" \/><\/li>\n            <\/ul>\n        <\/div>\n        \n    <\/div>\n<\/div><\/p>\n","protected":false},"excerpt":{"rendered":"<p>Vous ne trouvez pas la fiche ici ? Peut-\u00eatre n&rsquo;a-t-elle pas encore \u00e9t\u00e9 transf\u00e9r\u00e9e de l&rsquo;ancien site<\/p>\n","protected":false},"author":1,"featured_media":0,"parent":0,"menu_order":0,"comment_status":"closed","ping_status":"closed","template":"","meta":{"footnotes":""},"class_list":["post-391","page","type-page","status-publish","hentry"],"_links":{"self":[{"href":"http:\/\/www.19paulfort.com\/galerie\/index.php\/wp-json\/wp\/v2\/pages\/391","targetHints":{"allow":["GET"]}}],"collection":[{"href":"http:\/\/www.19paulfort.com\/galerie\/index.php\/wp-json\/wp\/v2\/pages"}],"about":[{"href":"http:\/\/www.19paulfort.com\/galerie\/index.php\/wp-json\/wp\/v2\/types\/page"}],"author":[{"embeddable":true,"href":"http:\/\/www.19paulfort.com\/galerie\/index.php\/wp-json\/wp\/v2\/users\/1"}],"replies":[{"embeddable":true,"href":"http:\/\/www.19paulfort.com\/galerie\/index.php\/wp-json\/wp\/v2\/comments?post=391"}],"version-history":[{"count":3,"href":"http:\/\/www.19paulfort.com\/galerie\/index.php\/wp-json\/wp\/v2\/pages\/391\/revisions"}],"predecessor-version":[{"id":607,"href":"http:\/\/www.19paulfort.com\/galerie\/index.php\/wp-json\/wp\/v2\/pages\/391\/revisions\/607"}],"wp:attachment":[{"href":"http:\/\/www.19paulfort.com\/galerie\/index.php\/wp-json\/wp\/v2\/media?parent=391"}],"curies":[{"name":"wp","href":"https:\/\/api.w.org\/{rel}","templated":true}]}}