{"id":401,"date":"2016-04-03T16:52:41","date_gmt":"2016-04-03T15:52:41","guid":{"rendered":"http:\/\/www.19paulfort.com\/galerie\/?page_id=401"},"modified":"2016-04-03T17:09:20","modified_gmt":"2016-04-03T16:09:20","slug":"ecrivains","status":"publish","type":"page","link":"http:\/\/www.19paulfort.com\/galerie\/index.php\/ecrivains\/","title":{"rendered":"\u00c9crivains"},"content":{"rendered":"<p><ul class=\"lcp_catlist\" id=\"lcp_instance_0\"><li><a href=\"http:\/\/www.19paulfort.com\/galerie\/index.php\/2016\/05\/24\/avrillier-sigrid\/\">AVRILLIER Sigrid &#8211;<\/a><\/li><li><a href=\"http:\/\/www.19paulfort.com\/galerie\/index.php\/2021\/11\/10\/berthet-dominique\/\">BERTHET Dominique &#8211;<\/a><\/li><li><a href=\"http:\/\/www.19paulfort.com\/galerie\/index.php\/2023\/12\/01\/bianu-zeno\/\">BIANU Z\u00e9no &#8211;<\/a><\/li><li><a href=\"http:\/\/www.19paulfort.com\/galerie\/index.php\/2021\/08\/26\/blanc-olivier\/\">BLANC Olivier &#8211;<\/a><\/li><li><a href=\"http:\/\/www.19paulfort.com\/galerie\/index.php\/2019\/11\/13\/breant-pierre\/\">BRE\u0301ANT Pierre \u2022<\/a><\/li><li><a href=\"http:\/\/www.19paulfort.com\/galerie\/index.php\/2016\/04\/08\/butor-michel\/\">BUTOR Michel &#8211;<\/a><\/li><li><a href=\"http:\/\/www.19paulfort.com\/galerie\/index.php\/2023\/01\/11\/juhasz-pierre\/\">Juhasz Pierre &#8211;<\/a><\/li><li><a href=\"http:\/\/www.19paulfort.com\/galerie\/index.php\/2018\/01\/26\/kosmicki-guillaume\/\">KOSMICKI Guillaume \u2022<\/a><\/li><li><a href=\"http:\/\/www.19paulfort.com\/galerie\/index.php\/2019\/11\/30\/medioni-franck\/\">M\u00c9DIONI Franck \u2022<\/a><\/li><li><a href=\"http:\/\/www.19paulfort.com\/galerie\/index.php\/2018\/04\/07\/merlino-antoine\/\">MERLINO Antoine \u2022<\/a><\/li><li><a href=\"http:\/\/www.19paulfort.com\/galerie\/index.php\/2016\/04\/08\/parant-jean-luc\/\">PARANT Jean-Luc &#8211;<\/a><\/li><li><a href=\"http:\/\/www.19paulfort.com\/galerie\/index.php\/2022\/11\/21\/paye-octave\/\">PAYE Octave \u2022<\/a><\/li><li><a href=\"http:\/\/www.19paulfort.com\/galerie\/index.php\/2019\/01\/23\/soulez-antonia\/\">SOULEZ Antonia \u2022<\/a><\/li><li><a href=\"http:\/\/www.19paulfort.com\/galerie\/index.php\/2020\/01\/26\/vacquin-monette\/\">VACQUIN Monette &#8211;<\/a><\/li><li><a href=\"http:\/\/www.19paulfort.com\/galerie\/index.php\/2016\/06\/04\/zadek-annie\/\">ZADEK Annie &#8211;<\/a><\/li><\/ul><br \/>\nVous ne trouvez pas la fiche ici ? Peut-\u00eatre n&rsquo;a-t-elle pas encore \u00e9t\u00e9 transf\u00e9r\u00e9e de <a href=\"http:\/\/19paulfort.com\/index.php?option=com_content&amp;view=article&amp;id=60&amp;Itemid=160&amp;lang=fr\" target=\"_blank\">l&rsquo;ancien site <\/a><\/p>\n","protected":false},"excerpt":{"rendered":"<p>Vous ne trouvez pas la fiche ici ? Peut-\u00eatre n&rsquo;a-t-elle pas encore \u00e9t\u00e9 transf\u00e9r\u00e9e de l&rsquo;ancien site<\/p>\n","protected":false},"author":1,"featured_media":0,"parent":0,"menu_order":0,"comment_status":"closed","ping_status":"closed","template":"","meta":{"footnotes":""},"class_list":["post-401","page","type-page","status-publish","hentry"],"_links":{"self":[{"href":"http:\/\/www.19paulfort.com\/galerie\/index.php\/wp-json\/wp\/v2\/pages\/401","targetHints":{"allow":["GET"]}}],"collection":[{"href":"http:\/\/www.19paulfort.com\/galerie\/index.php\/wp-json\/wp\/v2\/pages"}],"about":[{"href":"http:\/\/www.19paulfort.com\/galerie\/index.php\/wp-json\/wp\/v2\/types\/page"}],"author":[{"embeddable":true,"href":"http:\/\/www.19paulfort.com\/galerie\/index.php\/wp-json\/wp\/v2\/users\/1"}],"replies":[{"embeddable":true,"href":"http:\/\/www.19paulfort.com\/galerie\/index.php\/wp-json\/wp\/v2\/comments?post=401"}],"version-history":[{"count":2,"href":"http:\/\/www.19paulfort.com\/galerie\/index.php\/wp-json\/wp\/v2\/pages\/401\/revisions"}],"predecessor-version":[{"id":442,"href":"http:\/\/www.19paulfort.com\/galerie\/index.php\/wp-json\/wp\/v2\/pages\/401\/revisions\/442"}],"wp:attachment":[{"href":"http:\/\/www.19paulfort.com\/galerie\/index.php\/wp-json\/wp\/v2\/media?parent=401"}],"curies":[{"name":"wp","href":"https:\/\/api.w.org\/{rel}","templated":true}]}}