{"id":4224,"date":"2016-11-27T17:25:24","date_gmt":"2016-11-27T16:25:24","guid":{"rendered":"http:\/\/www.19paulfort.com\/galerie\/?page_id=4224"},"modified":"2025-03-03T16:15:05","modified_gmt":"2025-03-03T15:15:05","slug":"projections","status":"publish","type":"page","link":"http:\/\/www.19paulfort.com\/galerie\/index.php\/projections\/","title":{"rendered":"Projections"},"content":{"rendered":"<h1 style=\"text-align: center;\"><strong>\u2014 Derni\u00e8re projection r\u00e9alis\u00e9e \u2014<\/strong><\/h1>\n<p style=\"text-align: center;\"><strong>H\u00e9l\u00e8ne Aziza et Antoine Gindt ont le plaisir de vous inviter<\/strong><br \/>\n<strong>\u00e0 la projection du film de Corentin Leconte et Philippe B\u00e9ziat<\/strong><\/p>\n<h1 style=\"text-align: center;\"><strong><span style=\"color: #bf1313;\">200 Motels<\/span><br \/>\n<\/strong><strong>mardi 7 mai 2016 \u00e0 20h30 <\/strong><\/h1>\n<p style=\"text-align: center;\"><strong>Tir\u00e9 du spectacle mis en sc\u00e8ne par Antoine Gindt en septembre 2018<\/strong><\/p>\n<figure id=\"attachment_7330\" aria-describedby=\"caption-attachment-7330\" style=\"width: 800px\" class=\"wp-caption aligncenter\"><img loading=\"lazy\" decoding=\"async\" class=\"size-full wp-image-7330\" src=\"http:\/\/www.19paulfort.com\/galerie\/wp-content\/uploads\/2019\/04\/JPEG180919-\u00a9Philippe-Stirnweiss-323.jpg\" alt=\"\" width=\"800\" height=\"534\" srcset=\"http:\/\/www.19paulfort.com\/galerie\/wp-content\/uploads\/2019\/04\/JPEG180919-\u00a9Philippe-Stirnweiss-323.jpg 800w, http:\/\/www.19paulfort.com\/galerie\/wp-content\/uploads\/2019\/04\/JPEG180919-\u00a9Philippe-Stirnweiss-323-300x200.jpg 300w, http:\/\/www.19paulfort.com\/galerie\/wp-content\/uploads\/2019\/04\/JPEG180919-\u00a9Philippe-Stirnweiss-323-768x513.jpg 768w, http:\/\/www.19paulfort.com\/galerie\/wp-content\/uploads\/2019\/04\/JPEG180919-\u00a9Philippe-Stirnweiss-323-750x501.jpg 750w\" sizes=\"auto, (max-width: 800px) 100vw, 800px\" \/><figcaption id=\"caption-attachment-7330\" class=\"wp-caption-text\">\u00a9 Philippe Stirnweiss<\/figcaption><\/figure>\n<p style=\"text-align: justify;\">Cr\u00e9\u00e9e \u00e0 l\u2019automne 2018 \u00e0 Musica-Strasbourg et \u00e0 la Philharmonie de Paris, cette nouvelle production des mythiques <em>200 Motels<\/em> retrouve dans le film tir\u00e9 de la mise en sc\u00e8ne d\u2019<a href=\"http:\/\/www.19paulfort.com\/galerie\/index.php\/2016\/06\/04\/gindt-antoine\/\">Antoine Gindt<\/a> et des cam\u00e9ras de <a href=\"http:\/\/www.19paulfort.com\/galerie\/index.php\/2016\/11\/23\/beziat-philippe\/\">Philippe B\u00e9ziat<\/a>, l\u2019\u00e9nergie d\u00e9lirante de Frank Zappa, observateur caustique et impitoyable de la soci\u00e9t\u00e9 du spectacle, de ses travers et de ses exc\u00e8s drolatiques ou path\u00e9tiques.(informations compl\u00e9mentaires en pi\u00e8ce jointe)<br \/>\n<strong>&gt; <a href=\"http:\/\/www.19paulfort.com\/galerie\/index.php\/2019\/04\/21\/film-frank-zappa-200-motels-the-suites\/\">Cliquez ici pour en savoir plus sur le film <em>200 Motels (The Suites)<\/em><\/a><br \/>\n&gt; <a href=\"http:\/\/www.19paulfort.com\/galerie\/index.php\/2018\/06\/05\/rencontre-200-mo\u2026t-de13-juin-2018\/\">Cliquez ici pour lire la fiche de la rencontre au du 13 juin 20128 19PaulFort autour de <em>200 Motels<\/em><\/a><br \/>\n<\/strong><br \/>\n<strong>R\u00e9servations indispensables \u00e0 :<\/strong> <a href=\"mailto:helenaziza@19paulfort.com\">helenaziza@19paulfort.com<\/a><\/p>\n<hr \/>\n<div id=\"metaslider-id-241\" style=\"max-width: 700px; margin: 0 auto;\" class=\"ml-slider-3-109-0 metaslider metaslider-flex metaslider-241 ml-slider ms-theme-default nav-hidden\" role=\"region\" aria-label=\"Le Lieu\" data-height=\"300\" data-width=\"700\">\n    <div id=\"metaslider_container_241\">\n        <div id=\"metaslider_241\" class=\"flexslider\">\n            <ul class='slides'>\n                <li style=\"display: block; width: 100%;\" class=\"slide-31 ms-image \" aria-roledescription=\"slide\" data-date=\"2016-04-01 10:52:16\" data-filename=\"ruePaulFort16-700x300.jpg\" data-slide-type=\"image\"><img loading=\"lazy\" decoding=\"async\" src=\"http:\/\/www.19paulfort.com\/galerie\/wp-content\/uploads\/2016\/04\/ruePaulFort16-700x300.jpg\" height=\"300\" width=\"700\" alt=\"\" class=\"slider-241 slide-31 msDefaultImage\" \/><\/li>\n                <li style=\"display: none; width: 100%;\" class=\"slide-30 ms-image \" aria-roledescription=\"slide\" data-date=\"2016-04-01 10:52:14\" data-filename=\"ruePaulFort15-700x300.jpg\" data-slide-type=\"image\"><img loading=\"lazy\" decoding=\"async\" src=\"http:\/\/www.19paulfort.com\/galerie\/wp-content\/uploads\/2016\/04\/ruePaulFort15-700x300.jpg\" height=\"300\" width=\"700\" alt=\"\" class=\"slider-241 slide-30 msDefaultImage\" \/><\/li>\n                <li style=\"display: none; width: 100%;\" class=\"slide-29 ms-image \" aria-roledescription=\"slide\" data-date=\"2016-04-01 10:52:11\" data-filename=\"ruePaulFort14-700x300.jpg\" data-slide-type=\"image\"><img loading=\"lazy\" decoding=\"async\" src=\"http:\/\/www.19paulfort.com\/galerie\/wp-content\/uploads\/2016\/04\/ruePaulFort14-700x300.jpg\" height=\"300\" width=\"700\" alt=\"\" class=\"slider-241 slide-29 msDefaultImage\" \/><\/li>\n                <li style=\"display: none; width: 100%;\" class=\"slide-28 ms-image \" aria-roledescription=\"slide\" data-date=\"2016-04-01 10:52:09\" data-filename=\"ruePaulFort13-700x300.jpg\" data-slide-type=\"image\"><img loading=\"lazy\" decoding=\"async\" src=\"http:\/\/www.19paulfort.com\/galerie\/wp-content\/uploads\/2016\/04\/ruePaulFort13-700x300.jpg\" height=\"300\" width=\"700\" alt=\"\" class=\"slider-241 slide-28 msDefaultImage\" \/><\/li>\n                <li style=\"display: none; width: 100%;\" class=\"slide-27 ms-image \" aria-roledescription=\"slide\" data-date=\"2016-04-01 10:52:06\" data-filename=\"ruePaulFort12-700x300.jpg\" data-slide-type=\"image\"><img loading=\"lazy\" decoding=\"async\" src=\"http:\/\/www.19paulfort.com\/galerie\/wp-content\/uploads\/2016\/04\/ruePaulFort12-700x300.jpg\" height=\"300\" width=\"700\" alt=\"\" class=\"slider-241 slide-27 msDefaultImage\" \/><\/li>\n                <li style=\"display: none; width: 100%;\" class=\"slide-26 ms-image \" aria-roledescription=\"slide\" data-date=\"2016-04-01 10:52:04\" data-filename=\"ruePaulFort11-700x300.jpg\" data-slide-type=\"image\"><img loading=\"lazy\" decoding=\"async\" src=\"http:\/\/www.19paulfort.com\/galerie\/wp-content\/uploads\/2016\/04\/ruePaulFort11-700x300.jpg\" height=\"300\" width=\"700\" alt=\"\" class=\"slider-241 slide-26 msDefaultImage\" \/><\/li>\n                <li style=\"display: none; width: 100%;\" class=\"slide-25 ms-image \" aria-roledescription=\"slide\" data-date=\"2016-04-01 10:52:02\" data-filename=\"ruePaulFort10-700x300.jpg\" data-slide-type=\"image\"><img loading=\"lazy\" decoding=\"async\" src=\"http:\/\/www.19paulfort.com\/galerie\/wp-content\/uploads\/2016\/04\/ruePaulFort10-700x300.jpg\" height=\"300\" width=\"700\" alt=\"\" class=\"slider-241 slide-25 msDefaultImage\" \/><\/li>\n                <li style=\"display: none; width: 100%;\" class=\"slide-24 ms-image \" aria-roledescription=\"slide\" data-date=\"2016-04-01 10:51:59\" data-filename=\"ruePaulFort9-700x300.jpg\" data-slide-type=\"image\"><img loading=\"lazy\" decoding=\"async\" src=\"http:\/\/www.19paulfort.com\/galerie\/wp-content\/uploads\/2016\/04\/ruePaulFort9-700x300.jpg\" height=\"300\" width=\"700\" alt=\"\" class=\"slider-241 slide-24 msDefaultImage\" \/><\/li>\n                <li style=\"display: none; width: 100%;\" class=\"slide-23 ms-image \" aria-roledescription=\"slide\" data-date=\"2016-04-01 10:51:56\" data-filename=\"ruePaulFort8-700x300.jpg\" data-slide-type=\"image\"><img loading=\"lazy\" decoding=\"async\" src=\"http:\/\/www.19paulfort.com\/galerie\/wp-content\/uploads\/2016\/04\/ruePaulFort8-700x300.jpg\" height=\"300\" width=\"700\" alt=\"\" class=\"slider-241 slide-23 msDefaultImage\" \/><\/li>\n                <li style=\"display: none; width: 100%;\" class=\"slide-22 ms-image \" aria-roledescription=\"slide\" data-date=\"2016-04-01 10:51:54\" data-filename=\"ruePaulFort7-700x300.jpg\" data-slide-type=\"image\"><img loading=\"lazy\" decoding=\"async\" src=\"http:\/\/www.19paulfort.com\/galerie\/wp-content\/uploads\/2016\/04\/ruePaulFort7-700x300.jpg\" height=\"300\" width=\"700\" alt=\"\" class=\"slider-241 slide-22 msDefaultImage\" \/><\/li>\n                <li style=\"display: none; width: 100%;\" class=\"slide-21 ms-image \" aria-roledescription=\"slide\" data-date=\"2016-04-01 10:51:51\" data-filename=\"ruePaulFort6-700x300.jpg\" data-slide-type=\"image\"><img loading=\"lazy\" decoding=\"async\" src=\"http:\/\/www.19paulfort.com\/galerie\/wp-content\/uploads\/2016\/04\/ruePaulFort6-700x300.jpg\" height=\"300\" width=\"700\" alt=\"\" class=\"slider-241 slide-21 msDefaultImage\" \/><\/li>\n                <li style=\"display: none; width: 100%;\" class=\"slide-20 ms-image \" aria-roledescription=\"slide\" data-date=\"2016-04-01 10:51:49\" data-filename=\"ruePaulFort5-700x300.jpg\" data-slide-type=\"image\"><img loading=\"lazy\" decoding=\"async\" src=\"http:\/\/www.19paulfort.com\/galerie\/wp-content\/uploads\/2016\/04\/ruePaulFort5-700x300.jpg\" height=\"300\" width=\"700\" alt=\"\" class=\"slider-241 slide-20 msDefaultImage\" \/><\/li>\n                <li style=\"display: none; width: 100%;\" class=\"slide-19 ms-image \" aria-roledescription=\"slide\" data-date=\"2016-04-01 10:51:47\" data-filename=\"ruePaulFort4-700x300.jpg\" data-slide-type=\"image\"><img loading=\"lazy\" decoding=\"async\" src=\"http:\/\/www.19paulfort.com\/galerie\/wp-content\/uploads\/2016\/04\/ruePaulFort4-700x300.jpg\" height=\"300\" width=\"700\" alt=\"\" class=\"slider-241 slide-19 msDefaultImage\" \/><\/li>\n                <li style=\"display: none; width: 100%;\" class=\"slide-18 ms-image \" aria-roledescription=\"slide\" data-date=\"2016-04-01 10:51:45\" data-filename=\"ruePaulFort3-700x300.jpg\" data-slide-type=\"image\"><img loading=\"lazy\" decoding=\"async\" src=\"http:\/\/www.19paulfort.com\/galerie\/wp-content\/uploads\/2016\/04\/ruePaulFort3-700x300.jpg\" height=\"300\" width=\"700\" alt=\"\" class=\"slider-241 slide-18 msDefaultImage\" \/><\/li>\n                <li style=\"display: none; width: 100%;\" class=\"slide-17 ms-image \" aria-roledescription=\"slide\" data-date=\"2016-04-01 10:51:43\" data-filename=\"ruePaulFort2-700x300.jpg\" data-slide-type=\"image\"><img loading=\"lazy\" decoding=\"async\" src=\"http:\/\/www.19paulfort.com\/galerie\/wp-content\/uploads\/2016\/04\/ruePaulFort2-700x300.jpg\" height=\"300\" width=\"700\" alt=\"\" class=\"slider-241 slide-17 msDefaultImage\" \/><\/li>\n                <li style=\"display: none; width: 100%;\" class=\"slide-16 ms-image \" aria-roledescription=\"slide\" data-date=\"2016-04-01 10:51:40\" data-filename=\"ruePaulFort1-700x300.jpg\" data-slide-type=\"image\"><img loading=\"lazy\" decoding=\"async\" src=\"http:\/\/www.19paulfort.com\/galerie\/wp-content\/uploads\/2016\/04\/ruePaulFort1-700x300.jpg\" height=\"300\" width=\"700\" alt=\"\" class=\"slider-241 slide-16 msDefaultImage\" \/><\/li>\n            <\/ul>\n        <\/div>\n        \n    <\/div>\n<\/div>\n","protected":false},"excerpt":{"rendered":"<p>\u2014 Derni\u00e8re projection r\u00e9alis\u00e9e \u2014 H\u00e9l\u00e8ne Aziza et Antoine Gindt ont le plaisir de vous inviter \u00e0 la projection du film de Corentin Leconte et Philippe B\u00e9ziat 200 Motels mardi 7 mai 2016 \u00e0 20h30 Tir\u00e9 du spectacle mis en sc\u00e8ne par Antoine Gindt en septembre 2018 Cr\u00e9\u00e9e \u00e0 l\u2019automne 2018 \u00e0 Musica-Strasbourg et \u00e0&hellip;<a href=\"http:\/\/www.19paulfort.com\/galerie\/index.php\/projections\/\" class=\"more-link\">Continue reading <span class=\"screen-reader-text\">Projections<\/span><\/a><\/p>\n","protected":false},"author":1,"featured_media":0,"parent":0,"menu_order":0,"comment_status":"closed","ping_status":"closed","template":"","meta":{"footnotes":""},"class_list":["post-4224","page","type-page","status-publish","hentry"],"_links":{"self":[{"href":"http:\/\/www.19paulfort.com\/galerie\/index.php\/wp-json\/wp\/v2\/pages\/4224","targetHints":{"allow":["GET"]}}],"collection":[{"href":"http:\/\/www.19paulfort.com\/galerie\/index.php\/wp-json\/wp\/v2\/pages"}],"about":[{"href":"http:\/\/www.19paulfort.com\/galerie\/index.php\/wp-json\/wp\/v2\/types\/page"}],"author":[{"embeddable":true,"href":"http:\/\/www.19paulfort.com\/galerie\/index.php\/wp-json\/wp\/v2\/users\/1"}],"replies":[{"embeddable":true,"href":"http:\/\/www.19paulfort.com\/galerie\/index.php\/wp-json\/wp\/v2\/comments?post=4224"}],"version-history":[{"count":24,"href":"http:\/\/www.19paulfort.com\/galerie\/index.php\/wp-json\/wp\/v2\/pages\/4224\/revisions"}],"predecessor-version":[{"id":13092,"href":"http:\/\/www.19paulfort.com\/galerie\/index.php\/wp-json\/wp\/v2\/pages\/4224\/revisions\/13092"}],"wp:attachment":[{"href":"http:\/\/www.19paulfort.com\/galerie\/index.php\/wp-json\/wp\/v2\/media?parent=4224"}],"curies":[{"name":"wp","href":"https:\/\/api.w.org\/{rel}","templated":true}]}}