{"id":65,"date":"2016-04-02T08:27:47","date_gmt":"2016-04-02T07:27:47","guid":{"rendered":"http:\/\/www.19paulfort.com\/galerie\/?page_id=65"},"modified":"2016-05-16T08:36:00","modified_gmt":"2016-05-16T07:36:00","slug":"plan-dacces","status":"publish","type":"page","link":"http:\/\/www.19paulfort.com\/galerie\/index.php\/plan-dacces\/","title":{"rendered":"Plan d&rsquo;acc\u00e8s"},"content":{"rendered":"<p><iframe loading=\"lazy\" style=\"border: 0;\" src=\"https:\/\/www.google.com\/maps\/embed?pb=!1m14!1m8!1m3!1d5253.60013978259!2d2.333372!3d48.823876!3m2!1i1024!2i768!4f13.1!3m3!1m2!1s0x47e671af757363bb%3A0x3ddb16e7413a04a9!2s19+Rue+Paul+Fort%2C+75014+Paris%2C+France!5e0!3m2!1sfr!2sus!4v1459591043470\" width=\"600\" height=\"450\" frameborder=\"0\" allowfullscreen=\"allowfullscreen\"><\/iframe><br \/>\n<span style=\"font-size: small;\"><span style=\"color: #1b57b1;\"><a href=\"https:\/\/goo.gl\/maps\/KnQXHSHxeh92\" target=\"_blank\">&gt; cliquer ici pour acc\u00e9der \u00e0 19PaulFort sur Google Maps<\/a><br \/>\n<\/span><\/span><\/p>\n<p><strong><span style=\"font-size: medium;\">Transports :<br \/>\n<\/span><\/strong><span style=\"font-size: small;\">Lignes de Bus : 28\/35\/68\/88\/216&#8230;<br \/>\nTramway<br \/>\nM\u00e9tro Porte d&rsquo;Orl\u00e9ans \/ Al\u00e9sia<br \/>\nRer Cit\u00e9 Universitaire<\/span><\/p>\n<p><strong><span style=\"font-size: medium;\">Plan V\u00e9lib<\/span><\/strong><\/p>\n<p><a href=\"http:\/\/www.19paulfort.com\/galerie\/wp-content\/uploads\/2016\/04\/plan-velib.jpg\" rel=\"attachment wp-att-207\"><img loading=\"lazy\" decoding=\"async\" class=\"alignnone size-full wp-image-207\" src=\"http:\/\/www.19paulfort.com\/galerie\/wp-content\/uploads\/2016\/04\/plan-velib.jpg\" alt=\"plan-velib\" width=\"393\" height=\"342\" srcset=\"http:\/\/www.19paulfort.com\/galerie\/wp-content\/uploads\/2016\/04\/plan-velib.jpg 393w, http:\/\/www.19paulfort.com\/galerie\/wp-content\/uploads\/2016\/04\/plan-velib-300x261.jpg 300w\" sizes=\"auto, (max-width: 393px) 100vw, 393px\" \/><\/a><\/p>\n<div id=\"metaslider-id-241\" style=\"max-width: 700px; margin: 0 auto;\" class=\"ml-slider-3-107-0 metaslider metaslider-flex metaslider-241 ml-slider ms-theme-default nav-hidden\" role=\"region\" aria-label=\"Le Lieu\" data-height=\"300\" data-width=\"700\">\n    <div id=\"metaslider_container_241\">\n        <div id=\"metaslider_241\" class=\"flexslider\">\n            <ul class='slides'>\n                <li style=\"display: block; width: 100%;\" class=\"slide-31 ms-image \" aria-roledescription=\"slide\" data-date=\"2016-04-01 10:52:16\" data-filename=\"ruePaulFort16-700x300.jpg\" data-slide-type=\"image\"><img loading=\"lazy\" decoding=\"async\" src=\"http:\/\/www.19paulfort.com\/galerie\/wp-content\/uploads\/2016\/04\/ruePaulFort16-700x300.jpg\" height=\"300\" width=\"700\" alt=\"\" class=\"slider-241 slide-31 msDefaultImage\" \/><\/li>\n                <li style=\"display: none; width: 100%;\" class=\"slide-30 ms-image \" aria-roledescription=\"slide\" data-date=\"2016-04-01 10:52:14\" data-filename=\"ruePaulFort15-700x300.jpg\" data-slide-type=\"image\"><img loading=\"lazy\" decoding=\"async\" src=\"http:\/\/www.19paulfort.com\/galerie\/wp-content\/uploads\/2016\/04\/ruePaulFort15-700x300.jpg\" height=\"300\" width=\"700\" alt=\"\" class=\"slider-241 slide-30 msDefaultImage\" \/><\/li>\n                <li style=\"display: none; width: 100%;\" class=\"slide-29 ms-image \" aria-roledescription=\"slide\" data-date=\"2016-04-01 10:52:11\" data-filename=\"ruePaulFort14-700x300.jpg\" data-slide-type=\"image\"><img loading=\"lazy\" decoding=\"async\" src=\"http:\/\/www.19paulfort.com\/galerie\/wp-content\/uploads\/2016\/04\/ruePaulFort14-700x300.jpg\" height=\"300\" width=\"700\" alt=\"\" class=\"slider-241 slide-29 msDefaultImage\" \/><\/li>\n                <li style=\"display: none; width: 100%;\" class=\"slide-28 ms-image \" aria-roledescription=\"slide\" data-date=\"2016-04-01 10:52:09\" data-filename=\"ruePaulFort13-700x300.jpg\" data-slide-type=\"image\"><img loading=\"lazy\" decoding=\"async\" src=\"http:\/\/www.19paulfort.com\/galerie\/wp-content\/uploads\/2016\/04\/ruePaulFort13-700x300.jpg\" height=\"300\" width=\"700\" alt=\"\" class=\"slider-241 slide-28 msDefaultImage\" \/><\/li>\n                <li style=\"display: none; width: 100%;\" class=\"slide-27 ms-image \" aria-roledescription=\"slide\" data-date=\"2016-04-01 10:52:06\" data-filename=\"ruePaulFort12-700x300.jpg\" data-slide-type=\"image\"><img loading=\"lazy\" decoding=\"async\" src=\"http:\/\/www.19paulfort.com\/galerie\/wp-content\/uploads\/2016\/04\/ruePaulFort12-700x300.jpg\" height=\"300\" width=\"700\" alt=\"\" class=\"slider-241 slide-27 msDefaultImage\" \/><\/li>\n                <li style=\"display: none; width: 100%;\" class=\"slide-26 ms-image \" aria-roledescription=\"slide\" data-date=\"2016-04-01 10:52:04\" data-filename=\"ruePaulFort11-700x300.jpg\" data-slide-type=\"image\"><img loading=\"lazy\" decoding=\"async\" src=\"http:\/\/www.19paulfort.com\/galerie\/wp-content\/uploads\/2016\/04\/ruePaulFort11-700x300.jpg\" height=\"300\" width=\"700\" alt=\"\" class=\"slider-241 slide-26 msDefaultImage\" \/><\/li>\n                <li style=\"display: none; width: 100%;\" class=\"slide-25 ms-image \" aria-roledescription=\"slide\" data-date=\"2016-04-01 10:52:02\" data-filename=\"ruePaulFort10-700x300.jpg\" data-slide-type=\"image\"><img loading=\"lazy\" decoding=\"async\" src=\"http:\/\/www.19paulfort.com\/galerie\/wp-content\/uploads\/2016\/04\/ruePaulFort10-700x300.jpg\" height=\"300\" width=\"700\" alt=\"\" class=\"slider-241 slide-25 msDefaultImage\" \/><\/li>\n                <li style=\"display: none; width: 100%;\" class=\"slide-24 ms-image \" aria-roledescription=\"slide\" data-date=\"2016-04-01 10:51:59\" data-filename=\"ruePaulFort9-700x300.jpg\" data-slide-type=\"image\"><img loading=\"lazy\" decoding=\"async\" src=\"http:\/\/www.19paulfort.com\/galerie\/wp-content\/uploads\/2016\/04\/ruePaulFort9-700x300.jpg\" height=\"300\" width=\"700\" alt=\"\" class=\"slider-241 slide-24 msDefaultImage\" \/><\/li>\n                <li style=\"display: none; width: 100%;\" class=\"slide-23 ms-image \" aria-roledescription=\"slide\" data-date=\"2016-04-01 10:51:56\" data-filename=\"ruePaulFort8-700x300.jpg\" data-slide-type=\"image\"><img loading=\"lazy\" decoding=\"async\" src=\"http:\/\/www.19paulfort.com\/galerie\/wp-content\/uploads\/2016\/04\/ruePaulFort8-700x300.jpg\" height=\"300\" width=\"700\" alt=\"\" class=\"slider-241 slide-23 msDefaultImage\" \/><\/li>\n                <li style=\"display: none; width: 100%;\" class=\"slide-22 ms-image \" aria-roledescription=\"slide\" data-date=\"2016-04-01 10:51:54\" data-filename=\"ruePaulFort7-700x300.jpg\" data-slide-type=\"image\"><img loading=\"lazy\" decoding=\"async\" src=\"http:\/\/www.19paulfort.com\/galerie\/wp-content\/uploads\/2016\/04\/ruePaulFort7-700x300.jpg\" height=\"300\" width=\"700\" alt=\"\" class=\"slider-241 slide-22 msDefaultImage\" \/><\/li>\n                <li style=\"display: none; width: 100%;\" class=\"slide-21 ms-image \" aria-roledescription=\"slide\" data-date=\"2016-04-01 10:51:51\" data-filename=\"ruePaulFort6-700x300.jpg\" data-slide-type=\"image\"><img loading=\"lazy\" decoding=\"async\" src=\"http:\/\/www.19paulfort.com\/galerie\/wp-content\/uploads\/2016\/04\/ruePaulFort6-700x300.jpg\" height=\"300\" width=\"700\" alt=\"\" class=\"slider-241 slide-21 msDefaultImage\" \/><\/li>\n                <li style=\"display: none; width: 100%;\" class=\"slide-20 ms-image \" aria-roledescription=\"slide\" data-date=\"2016-04-01 10:51:49\" data-filename=\"ruePaulFort5-700x300.jpg\" data-slide-type=\"image\"><img loading=\"lazy\" decoding=\"async\" src=\"http:\/\/www.19paulfort.com\/galerie\/wp-content\/uploads\/2016\/04\/ruePaulFort5-700x300.jpg\" height=\"300\" width=\"700\" alt=\"\" class=\"slider-241 slide-20 msDefaultImage\" \/><\/li>\n                <li style=\"display: none; width: 100%;\" class=\"slide-19 ms-image \" aria-roledescription=\"slide\" data-date=\"2016-04-01 10:51:47\" data-filename=\"ruePaulFort4-700x300.jpg\" data-slide-type=\"image\"><img loading=\"lazy\" decoding=\"async\" src=\"http:\/\/www.19paulfort.com\/galerie\/wp-content\/uploads\/2016\/04\/ruePaulFort4-700x300.jpg\" height=\"300\" width=\"700\" alt=\"\" class=\"slider-241 slide-19 msDefaultImage\" \/><\/li>\n                <li style=\"display: none; width: 100%;\" class=\"slide-18 ms-image \" aria-roledescription=\"slide\" data-date=\"2016-04-01 10:51:45\" data-filename=\"ruePaulFort3-700x300.jpg\" data-slide-type=\"image\"><img loading=\"lazy\" decoding=\"async\" src=\"http:\/\/www.19paulfort.com\/galerie\/wp-content\/uploads\/2016\/04\/ruePaulFort3-700x300.jpg\" height=\"300\" width=\"700\" alt=\"\" class=\"slider-241 slide-18 msDefaultImage\" \/><\/li>\n                <li style=\"display: none; width: 100%;\" class=\"slide-17 ms-image \" aria-roledescription=\"slide\" data-date=\"2016-04-01 10:51:43\" data-filename=\"ruePaulFort2-700x300.jpg\" data-slide-type=\"image\"><img loading=\"lazy\" decoding=\"async\" src=\"http:\/\/www.19paulfort.com\/galerie\/wp-content\/uploads\/2016\/04\/ruePaulFort2-700x300.jpg\" height=\"300\" width=\"700\" alt=\"\" class=\"slider-241 slide-17 msDefaultImage\" \/><\/li>\n                <li style=\"display: none; width: 100%;\" class=\"slide-16 ms-image \" aria-roledescription=\"slide\" data-date=\"2016-04-01 10:51:40\" data-filename=\"ruePaulFort1-700x300.jpg\" data-slide-type=\"image\"><img loading=\"lazy\" decoding=\"async\" src=\"http:\/\/www.19paulfort.com\/galerie\/wp-content\/uploads\/2016\/04\/ruePaulFort1-700x300.jpg\" height=\"300\" width=\"700\" alt=\"\" class=\"slider-241 slide-16 msDefaultImage\" \/><\/li>\n            <\/ul>\n        <\/div>\n        \n    <\/div>\n<\/div>\n","protected":false},"excerpt":{"rendered":"<p>&gt; cliquer ici pour acc\u00e9der \u00e0 19PaulFort sur Google Maps Transports : Lignes de Bus : 28\/35\/68\/88\/216&#8230; Tramway M\u00e9tro Porte d&rsquo;Orl\u00e9ans \/ Al\u00e9sia Rer Cit\u00e9 Universitaire Plan V\u00e9lib<\/p>\n","protected":false},"author":1,"featured_media":0,"parent":0,"menu_order":0,"comment_status":"closed","ping_status":"closed","template":"","meta":{"footnotes":""},"class_list":["post-65","page","type-page","status-publish","hentry"],"_links":{"self":[{"href":"http:\/\/www.19paulfort.com\/galerie\/index.php\/wp-json\/wp\/v2\/pages\/65","targetHints":{"allow":["GET"]}}],"collection":[{"href":"http:\/\/www.19paulfort.com\/galerie\/index.php\/wp-json\/wp\/v2\/pages"}],"about":[{"href":"http:\/\/www.19paulfort.com\/galerie\/index.php\/wp-json\/wp\/v2\/types\/page"}],"author":[{"embeddable":true,"href":"http:\/\/www.19paulfort.com\/galerie\/index.php\/wp-json\/wp\/v2\/users\/1"}],"replies":[{"embeddable":true,"href":"http:\/\/www.19paulfort.com\/galerie\/index.php\/wp-json\/wp\/v2\/comments?post=65"}],"version-history":[{"count":7,"href":"http:\/\/www.19paulfort.com\/galerie\/index.php\/wp-json\/wp\/v2\/pages\/65\/revisions"}],"predecessor-version":[{"id":633,"href":"http:\/\/www.19paulfort.com\/galerie\/index.php\/wp-json\/wp\/v2\/pages\/65\/revisions\/633"}],"wp:attachment":[{"href":"http:\/\/www.19paulfort.com\/galerie\/index.php\/wp-json\/wp\/v2\/media?parent=65"}],"curies":[{"name":"wp","href":"https:\/\/api.w.org\/{rel}","templated":true}]}}