{"id":10761,"date":"2023-02-14T18:00:44","date_gmt":"2023-02-14T17:00:44","guid":{"rendered":"http:\/\/www.19paulfort.com\/galerie\/?page_id=10761"},"modified":"2023-02-14T18:00:44","modified_gmt":"2023-02-14T17:00:44","slug":"evenements-2023","status":"publish","type":"page","link":"https:\/\/www.19paulfort.com\/galerie\/index.php\/evenements-2023\/","title":{"rendered":"\u00c9v\u00e9nements 2023"},"content":{"rendered":"<p><ul class=\"lcp_catlist\" id=\"lcp_instance_0\"><li><a href=\"https:\/\/www.19paulfort.com\/galerie\/index.php\/2023\/01\/11\/rencontre-lancement-du-n28-de-la-revue-recherche-et-esthetique-le-desir-25-janvier-2023\/\">01 &#8211; 25 janvier &#8211; Rencontre &#8211; Lancement du n\u00b028 de la revue Recherches en Esth\u00e9tique \u00ab\u00a0Le d\u00e9sir\u00a0\u00bb<\/a><\/li><li><a href=\"https:\/\/www.19paulfort.com\/galerie\/index.php\/2023\/02\/14\/concert-quartet-mario-costa-chromosome-25-fevrier-2023\/\">02 &#8211; 26 f\u00e9vrier &#8211; Concert quartet Mario Costa &#8211; Chromosome &#8211;<\/a><\/li><li><a href=\"https:\/\/www.19paulfort.com\/galerie\/index.php\/2023\/03\/11\/theatre-le-neveu-de-rameau-par-la-compagnie-le-loup-dans-la-baignoire-1-et-2-avril-2023\/\">04 &#8211; 01 \/ 02 avril &#8211; Th\u00e9\u00e2tre &#8211; Le Neveu de Rameau, par la Compagnie Le Loup dans la baignoire<\/a><\/li><li><a href=\"https:\/\/www.19paulfort.com\/galerie\/index.php\/2023\/03\/27\/exposition-un-souffle-des-iles-11-au-30-avril-2023\/\">04 &#8211; 11 \/ 30 avril &#8211; Exposition &#8211; \u00ab\u00a0Un souffle des \u00eeles\u00a0\u00bb<\/a><\/li><li><a href=\"https:\/\/www.19paulfort.com\/galerie\/index.php\/2023\/04\/10\/concert-constance-luzzati-harpe-pour-la-sortie-de-enharmonique-rameau-16-avril-2023\/\">04 &#8211; 16 avril &#8211; Concert &#8211; Constance Luzzati, harpe pour la sortie de \u00ab\u00a0Enharmonique Rameau\u00a0\u00bb &#8211;<\/a><\/li><li><a href=\"https:\/\/www.19paulfort.com\/galerie\/index.php\/2023\/04\/18\/concert-trio-francois-houle-clarinette-joelle-leandre-contrebrasse-mark-sanders-batterie-2-mai-2023\/\">05 &#8211; 2 mai &#8211; Concert &#8211; Trio Fran\u00e7ois Houle (clarinette), Jo\u00eblle L\u00e9andre (contrebrasse), Mark Sanders (batterie) &#8211;<\/a><\/li><li><a href=\"https:\/\/www.19paulfort.com\/galerie\/index.php\/2023\/05\/09\/concert-constellative-trio-1-juin-2023\/\">06 &#8211; 1 juin &#8211; Concert &#8211; Constellative Trio &#8211;<\/a><\/li><li><a href=\"https:\/\/www.19paulfort.com\/galerie\/index.php\/2023\/06\/04\/concert-michael-attias-european-quartet-20-juin-2023\/\">06 &#8211; 20 juin &#8211; Concert &#8211; Micha\u00ebl Attias European Quartet<\/a><\/li><li><a href=\"https:\/\/www.19paulfort.com\/galerie\/index.php\/2023\/06\/20\/concert-eternal-triangle-29-juin-2023\/\">06 &#8211; 29 juin &#8211; Concert &#8211; Eternal Triangle &#8211;<\/a><\/li><li><a href=\"https:\/\/www.19paulfort.com\/galerie\/index.php\/2023\/08\/23\/concert-du-fabrice-moreau-quintet-12-septembre-2023\/\">09 &#8211; 12 septembre &#8211; Concert  &#8211; Fabrice Moreau Quintet &#8211;<\/a><\/li><li><a href=\"https:\/\/www.19paulfort.com\/galerie\/index.php\/2023\/09\/14\/concert-duo-pierre-favre-dominique-pifarely-28-septembre-2023\/\">09 &#8211; 28 septembre &#8211; Concert &#8211; Duo Pierre Favre &#8211; Dominique Pifar\u00e9ly &#8211;<\/a><\/li><li><a href=\"https:\/\/www.19paulfort.com\/galerie\/index.php\/2023\/09\/14\/concert-quartet-pierre-favre-drumsight-28-septembre-2023\/\">09 &#8211; 28 septembre &#8211; Concert &#8211; Quartet Pierre Favre &#8211; Drumsight &#8211;<\/a><\/li><li><a href=\"https:\/\/www.19paulfort.com\/galerie\/index.php\/2023\/10\/01\/concert-sofya-melkyan-pianiste-19-octobre-2023\/\">10 &#8211; 19 octobre &#8211; Concert &#8211; Sofya Melkyan (pianiste)<\/a><\/li><li><a href=\"https:\/\/www.19paulfort.com\/galerie\/index.php\/2023\/11\/02\/concert-trio-bopp-trombone-rainey-batterie-payen-saxophone-13-novembre-2023\/\">11 &#8211; 13 novembre &#8211; Concert &#8211; Trio Bopp (trombone) &#8211; Rainey (batterie) &#8211; Payen (saxophone) &#8211;<\/a><\/li><li><a href=\"https:\/\/www.19paulfort.com\/galerie\/index.php\/2023\/11\/14\/concert-franck-carlberg-pianiste-23-novembre-2023\/\">11 &#8211; 23 novembre &#8211; Concert &#8211; Franck Carlberg (pianiste) &#8211;<\/a><\/li><li><a href=\"https:\/\/www.19paulfort.com\/galerie\/index.php\/2023\/11\/09\/exposition-objets-inanimes-avez-vous-donc-une-ame-du-26-novembre-au-17-decembre-2023\/\">11 &#8211; 26 nov. \/ 17 d\u00e9c. &#8211; Exposition &#8211; \u00ab\u00a0Objets inanim\u00e9s, avez-vous donc une \u00e2me&#8230; ?\u00a0\u00bb<\/a><\/li><li><a href=\"https:\/\/www.19paulfort.com\/galerie\/index.php\/2023\/11\/23\/concert-daniel-humair-trio-30-novembre-2023\/\">11 &#8211; 30 novembre &#8211; Concert &#8211; Daniel Humair Trio &#8211;<\/a><\/li><li><a href=\"https:\/\/www.19paulfort.com\/galerie\/index.php\/2023\/12\/01\/concert-soiree-dediee-a-thelonious-monk-avec-le-pianiste-benjamin-moussay-8-decembre-2023\/\">12 &#8211; 8 d\u00e9cembre &#8211; Concert &#8211; Soir\u00e9e d\u00e9di\u00e9e \u00e0 Thelonious Monk avec le pianiste Benjamin Moussay<\/a><\/li><\/ul><br \/>\n<div id=\"metaslider-id-241\" style=\"max-width: 700px; margin: 0 auto;\" class=\"ml-slider-3-109-0 metaslider metaslider-flex metaslider-241 ml-slider ms-theme-default nav-hidden\" role=\"region\" aria-label=\"Le Lieu\" data-height=\"300\" data-width=\"700\">\n    <div id=\"metaslider_container_241\">\n        <div id=\"metaslider_241\" class=\"flexslider\">\n            <ul class='slides'>\n                <li style=\"display: block; width: 100%;\" class=\"slide-31 ms-image \" aria-roledescription=\"slide\" data-date=\"2016-04-01 10:52:16\" data-filename=\"ruePaulFort16-700x300.jpg\" data-slide-type=\"image\"><img loading=\"lazy\" decoding=\"async\" src=\"https:\/\/www.19paulfort.com\/galerie\/wp-content\/uploads\/2016\/04\/ruePaulFort16-700x300.jpg\" height=\"300\" width=\"700\" alt=\"\" class=\"slider-241 slide-31 msDefaultImage\" \/><\/li>\n                <li style=\"display: none; width: 100%;\" class=\"slide-30 ms-image \" aria-roledescription=\"slide\" data-date=\"2016-04-01 10:52:14\" data-filename=\"ruePaulFort15-700x300.jpg\" data-slide-type=\"image\"><img loading=\"lazy\" decoding=\"async\" src=\"https:\/\/www.19paulfort.com\/galerie\/wp-content\/uploads\/2016\/04\/ruePaulFort15-700x300.jpg\" height=\"300\" width=\"700\" alt=\"\" class=\"slider-241 slide-30 msDefaultImage\" \/><\/li>\n                <li style=\"display: none; width: 100%;\" class=\"slide-29 ms-image \" aria-roledescription=\"slide\" data-date=\"2016-04-01 10:52:11\" data-filename=\"ruePaulFort14-700x300.jpg\" data-slide-type=\"image\"><img loading=\"lazy\" decoding=\"async\" src=\"https:\/\/www.19paulfort.com\/galerie\/wp-content\/uploads\/2016\/04\/ruePaulFort14-700x300.jpg\" height=\"300\" width=\"700\" alt=\"\" class=\"slider-241 slide-29 msDefaultImage\" \/><\/li>\n                <li style=\"display: none; width: 100%;\" class=\"slide-28 ms-image \" aria-roledescription=\"slide\" data-date=\"2016-04-01 10:52:09\" data-filename=\"ruePaulFort13-700x300.jpg\" data-slide-type=\"image\"><img loading=\"lazy\" decoding=\"async\" src=\"https:\/\/www.19paulfort.com\/galerie\/wp-content\/uploads\/2016\/04\/ruePaulFort13-700x300.jpg\" height=\"300\" width=\"700\" alt=\"\" class=\"slider-241 slide-28 msDefaultImage\" \/><\/li>\n                <li style=\"display: none; width: 100%;\" class=\"slide-27 ms-image \" aria-roledescription=\"slide\" data-date=\"2016-04-01 10:52:06\" data-filename=\"ruePaulFort12-700x300.jpg\" data-slide-type=\"image\"><img loading=\"lazy\" decoding=\"async\" src=\"https:\/\/www.19paulfort.com\/galerie\/wp-content\/uploads\/2016\/04\/ruePaulFort12-700x300.jpg\" height=\"300\" width=\"700\" alt=\"\" class=\"slider-241 slide-27 msDefaultImage\" \/><\/li>\n                <li style=\"display: none; width: 100%;\" class=\"slide-26 ms-image \" aria-roledescription=\"slide\" data-date=\"2016-04-01 10:52:04\" data-filename=\"ruePaulFort11-700x300.jpg\" data-slide-type=\"image\"><img loading=\"lazy\" decoding=\"async\" src=\"https:\/\/www.19paulfort.com\/galerie\/wp-content\/uploads\/2016\/04\/ruePaulFort11-700x300.jpg\" height=\"300\" width=\"700\" alt=\"\" class=\"slider-241 slide-26 msDefaultImage\" \/><\/li>\n                <li style=\"display: none; width: 100%;\" class=\"slide-25 ms-image \" aria-roledescription=\"slide\" data-date=\"2016-04-01 10:52:02\" data-filename=\"ruePaulFort10-700x300.jpg\" data-slide-type=\"image\"><img loading=\"lazy\" decoding=\"async\" src=\"https:\/\/www.19paulfort.com\/galerie\/wp-content\/uploads\/2016\/04\/ruePaulFort10-700x300.jpg\" height=\"300\" width=\"700\" alt=\"\" class=\"slider-241 slide-25 msDefaultImage\" \/><\/li>\n                <li style=\"display: none; width: 100%;\" class=\"slide-24 ms-image \" aria-roledescription=\"slide\" data-date=\"2016-04-01 10:51:59\" data-filename=\"ruePaulFort9-700x300.jpg\" data-slide-type=\"image\"><img loading=\"lazy\" decoding=\"async\" src=\"https:\/\/www.19paulfort.com\/galerie\/wp-content\/uploads\/2016\/04\/ruePaulFort9-700x300.jpg\" height=\"300\" width=\"700\" alt=\"\" class=\"slider-241 slide-24 msDefaultImage\" \/><\/li>\n                <li style=\"display: none; width: 100%;\" class=\"slide-23 ms-image \" aria-roledescription=\"slide\" data-date=\"2016-04-01 10:51:56\" data-filename=\"ruePaulFort8-700x300.jpg\" data-slide-type=\"image\"><img loading=\"lazy\" decoding=\"async\" src=\"https:\/\/www.19paulfort.com\/galerie\/wp-content\/uploads\/2016\/04\/ruePaulFort8-700x300.jpg\" height=\"300\" width=\"700\" alt=\"\" class=\"slider-241 slide-23 msDefaultImage\" \/><\/li>\n                <li style=\"display: none; width: 100%;\" class=\"slide-22 ms-image \" aria-roledescription=\"slide\" data-date=\"2016-04-01 10:51:54\" data-filename=\"ruePaulFort7-700x300.jpg\" data-slide-type=\"image\"><img loading=\"lazy\" decoding=\"async\" src=\"https:\/\/www.19paulfort.com\/galerie\/wp-content\/uploads\/2016\/04\/ruePaulFort7-700x300.jpg\" height=\"300\" width=\"700\" alt=\"\" class=\"slider-241 slide-22 msDefaultImage\" \/><\/li>\n                <li style=\"display: none; width: 100%;\" class=\"slide-21 ms-image \" aria-roledescription=\"slide\" data-date=\"2016-04-01 10:51:51\" data-filename=\"ruePaulFort6-700x300.jpg\" data-slide-type=\"image\"><img loading=\"lazy\" decoding=\"async\" src=\"https:\/\/www.19paulfort.com\/galerie\/wp-content\/uploads\/2016\/04\/ruePaulFort6-700x300.jpg\" height=\"300\" width=\"700\" alt=\"\" class=\"slider-241 slide-21 msDefaultImage\" \/><\/li>\n                <li style=\"display: none; width: 100%;\" class=\"slide-20 ms-image \" aria-roledescription=\"slide\" data-date=\"2016-04-01 10:51:49\" data-filename=\"ruePaulFort5-700x300.jpg\" data-slide-type=\"image\"><img loading=\"lazy\" decoding=\"async\" src=\"https:\/\/www.19paulfort.com\/galerie\/wp-content\/uploads\/2016\/04\/ruePaulFort5-700x300.jpg\" height=\"300\" width=\"700\" alt=\"\" class=\"slider-241 slide-20 msDefaultImage\" \/><\/li>\n                <li style=\"display: none; width: 100%;\" class=\"slide-19 ms-image \" aria-roledescription=\"slide\" data-date=\"2016-04-01 10:51:47\" data-filename=\"ruePaulFort4-700x300.jpg\" data-slide-type=\"image\"><img loading=\"lazy\" decoding=\"async\" src=\"https:\/\/www.19paulfort.com\/galerie\/wp-content\/uploads\/2016\/04\/ruePaulFort4-700x300.jpg\" height=\"300\" width=\"700\" alt=\"\" class=\"slider-241 slide-19 msDefaultImage\" \/><\/li>\n                <li style=\"display: none; width: 100%;\" class=\"slide-18 ms-image \" aria-roledescription=\"slide\" data-date=\"2016-04-01 10:51:45\" data-filename=\"ruePaulFort3-700x300.jpg\" data-slide-type=\"image\"><img loading=\"lazy\" decoding=\"async\" src=\"https:\/\/www.19paulfort.com\/galerie\/wp-content\/uploads\/2016\/04\/ruePaulFort3-700x300.jpg\" height=\"300\" width=\"700\" alt=\"\" class=\"slider-241 slide-18 msDefaultImage\" \/><\/li>\n                <li style=\"display: none; width: 100%;\" class=\"slide-17 ms-image \" aria-roledescription=\"slide\" data-date=\"2016-04-01 10:51:43\" data-filename=\"ruePaulFort2-700x300.jpg\" data-slide-type=\"image\"><img loading=\"lazy\" decoding=\"async\" src=\"https:\/\/www.19paulfort.com\/galerie\/wp-content\/uploads\/2016\/04\/ruePaulFort2-700x300.jpg\" height=\"300\" width=\"700\" alt=\"\" class=\"slider-241 slide-17 msDefaultImage\" \/><\/li>\n                <li style=\"display: none; width: 100%;\" class=\"slide-16 ms-image \" aria-roledescription=\"slide\" data-date=\"2016-04-01 10:51:40\" data-filename=\"ruePaulFort1-700x300.jpg\" data-slide-type=\"image\"><img loading=\"lazy\" decoding=\"async\" src=\"https:\/\/www.19paulfort.com\/galerie\/wp-content\/uploads\/2016\/04\/ruePaulFort1-700x300.jpg\" height=\"300\" width=\"700\" alt=\"\" class=\"slider-241 slide-16 msDefaultImage\" \/><\/li>\n            <\/ul>\n        <\/div>\n        \n    <\/div>\n<\/div><\/p>\n","protected":false},"excerpt":{"rendered":"","protected":false},"author":1,"featured_media":0,"parent":0,"menu_order":0,"comment_status":"closed","ping_status":"closed","template":"","meta":{"footnotes":""},"class_list":["post-10761","page","type-page","status-publish","hentry"],"_links":{"self":[{"href":"https:\/\/www.19paulfort.com\/galerie\/index.php\/wp-json\/wp\/v2\/pages\/10761","targetHints":{"allow":["GET"]}}],"collection":[{"href":"https:\/\/www.19paulfort.com\/galerie\/index.php\/wp-json\/wp\/v2\/pages"}],"about":[{"href":"https:\/\/www.19paulfort.com\/galerie\/index.php\/wp-json\/wp\/v2\/types\/page"}],"author":[{"embeddable":true,"href":"https:\/\/www.19paulfort.com\/galerie\/index.php\/wp-json\/wp\/v2\/users\/1"}],"replies":[{"embeddable":true,"href":"https:\/\/www.19paulfort.com\/galerie\/index.php\/wp-json\/wp\/v2\/comments?post=10761"}],"version-history":[{"count":1,"href":"https:\/\/www.19paulfort.com\/galerie\/index.php\/wp-json\/wp\/v2\/pages\/10761\/revisions"}],"predecessor-version":[{"id":10762,"href":"https:\/\/www.19paulfort.com\/galerie\/index.php\/wp-json\/wp\/v2\/pages\/10761\/revisions\/10762"}],"wp:attachment":[{"href":"https:\/\/www.19paulfort.com\/galerie\/index.php\/wp-json\/wp\/v2\/media?parent=10761"}],"curies":[{"name":"wp","href":"https:\/\/api.w.org\/{rel}","templated":true}]}}