{"id":11504,"date":"2024-02-07T22:43:58","date_gmt":"2024-02-07T21:43:58","guid":{"rendered":"https:\/\/www.19paulfort.com\/galerie\/?page_id=11504"},"modified":"2024-02-07T22:43:58","modified_gmt":"2024-02-07T21:43:58","slug":"evenements-2024","status":"publish","type":"page","link":"https:\/\/www.19paulfort.com\/galerie\/index.php\/evenements-2024\/","title":{"rendered":"\u00c9v\u00e9nements 2024"},"content":{"rendered":"<ul class=\"lcp_catlist\" id=\"lcp_instance_0\"><li><a href=\"https:\/\/www.19paulfort.com\/galerie\/index.php\/2024\/02\/07\/spectacle-musical-la-folle-passion-de-franz-liszt-et-marie-dagoult-25-et-26-fevrier-2024\/\">02 &#8211; 25 \/ 26 f\u00e9vrier &#8211; Spectacle musical &#8211; \u00ab\u00a0La folle passion de Franz LISZT et Marie D&rsquo;AGOULT\u00a0\u00bb<\/a><\/li><li><a href=\"https:\/\/www.19paulfort.com\/galerie\/index.php\/2024\/03\/05\/concert-3-harpistes-elodie-reibaud-frederique-cambreling-laurence-bancaud-26-mars-2024\/\">03 &#8211; 26 mars &#8211; Concert &#8211; 3 harpistes, \u00c9lodie Reibaud, Fr\u00e9d\u00e9rique Cambreling, Laurence Bancaud<\/a><\/li><li><a href=\"https:\/\/www.19paulfort.com\/galerie\/index.php\/2024\/03\/28\/concert-quartet-jacky-molard-francois-corneloup-entre-les-terres-26-avril-2024\/\">04 &#8211; 16 avril &#8211; Concert &#8211; Quartet Jacky Molard\/Fran\u00e7ois Corneloup, \u00ab\u00a0Entre les terres\u00a0\u00bb &#8211;<\/a><\/li><li><a href=\"https:\/\/www.19paulfort.com\/galerie\/index.php\/2024\/04\/17\/concert-dana-ciocarlie-invite-estelle-revaz-2-mai-2024\/\">05 &#8211; 02 mai &#8211; Concert &#8211; \u00ab\u00a0Dana Ciocarlie invite Estelle Revaz\u00a0\u00bb [2 mai 2024] &#8211;<\/a><\/li><li><a href=\"https:\/\/www.19paulfort.com\/galerie\/index.php\/2024\/05\/11\/concert-trio-eternal-triangle-1er-juin-2024\/\">06 &#8211; 01 juin &#8211; Concert &#8211; Trio Eternal Triangle<\/a><\/li><li><a href=\"https:\/\/www.19paulfort.com\/galerie\/index.php\/2024\/05\/11\/concert-duo-francois-corneloup-saxophone-baryton-et-tony-hymas-piano-8-juin-2024\/\">06 &#8211; 08 juin &#8211; Concert &#8211; Duo Fran\u00e7ois Corneloup (saxophone baryton) &#8211; Tony Hymas (piano) &#8211;<\/a><\/li><li><a href=\"https:\/\/www.19paulfort.com\/galerie\/index.php\/2024\/05\/11\/exposition-la-poetique-de-la-demesure-13-juin-au-7-juillet-2024\/\">06 &#8211; 13 juin \/ 07 juillet &#8211; Exposition &#8211; \u00ab\u00a0La po\u00e9tique de la d\u00e9mesure\u00a0\u00bb &#8211;<\/a><\/li><li><a href=\"https:\/\/www.19paulfort.com\/galerie\/index.php\/2024\/06\/12\/concert-quatuor-lukas-ligeti-et-ses-invites-18-juin-2024\/\">06 &#8211; 18 juin &#8211; Concert &#8211; Quatuor Lukas Ligeti et ses invit\u00e9s<\/a><\/li><li><a href=\"https:\/\/www.19paulfort.com\/galerie\/index.php\/2024\/06\/18\/concert-les-ferrailleurs-du-ciel-p-foch-d-petit-c-solal-27-juin-2024\/\">06 &#8211; 27 juin &#8211; Concert &#8211; \u00ab\u00a0Les Ferrailleurs du ciel\u00a0\u00bb (P. Foch, D. Petit, C. Solal) &#8211;<\/a><\/li><li><a href=\"https:\/\/www.19paulfort.com\/galerie\/index.php\/2024\/06\/22\/concert-cetait-il-y-a-30-ans-joelle-leandre-contrebasse-pascal-contet-accordeon-7-juillet-2024\/\">07 &#8211; 07 juillet &#8211; Concert &#8211; \u00ab\u00a0C&rsquo;\u00e9tait il y a 30 ans !\u00a0\u00bb Jo\u00eblle L\u00e9andre (contrebasse) &#8211; Pascal Contet (accord\u00e9on) &#8211;<\/a><\/li><li><a href=\"https:\/\/www.19paulfort.com\/galerie\/index.php\/2024\/09\/03\/concert-du-trio-marc-copland-piano-stephane-kerecki-contrebasse-fabrice-moreau-batterie-18-septembre-2024\/\">09 &#8211; 18 septembre &#8211; Concert &#8211; Trio Marc Copland (piano), St\u00e9phane K\u00e9r\u00e9cki (contrebasse), Fabrice Moreau (batterie)<\/a><\/li><li><a href=\"https:\/\/www.19paulfort.com\/galerie\/index.php\/2024\/09\/17\/concert-satoko-fujii-piano-natsuki-tamura-trompette-ramon-lopez-batterie-25-septembre-2024\/\">09 &#8211; 25 septembre &#8211; Concert &#8211; Satoko Fujii (piano), Natsuki Tamura (trompette), Ramon Lopez (batterie)<\/a><\/li><li><a href=\"https:\/\/www.19paulfort.com\/galerie\/index.php\/2024\/09\/20\/concert-ensemble-sesame-29-septembre-2024\/\">09 &#8211; 29 septembre &#8211; Concert &#8211; Ensemble S\u00e9same<\/a><\/li><li><a href=\"https:\/\/www.19paulfort.com\/galerie\/index.php\/2024\/09\/29\/concert-la-construction-du-monde-de-georges-aperghis-richard-dubelski-percussions-15-et-16-octobre-2024\/\">10 &#8211; 15 \/ 16 octobre &#8211; Concert &#8211; La Construction du monde, de Georges Aperghis &#8211; Richard Dubelski (percussions) &#8211;<\/a><\/li><li><a href=\"https:\/\/www.19paulfort.com\/galerie\/index.php\/2024\/10\/15\/exposition-une-oeuvre-au-musee-6-ceramistes-1-photographe-du-30-10-au-20-11-2024\/\">10 &#8211; 30 oct. \/ 20 nov. &#8211; Expositions &#8211; \u00ab\u00a0Une \u0153uvre au mus\u00e9e\u00a0\u00bb 6 c\u00e9ramistes ; \u00ab\u00a0Un jour au mus\u00e9e \u00ab\u00a0, 1 photographe<\/a><\/li><li><a href=\"https:\/\/www.19paulfort.com\/galerie\/index.php\/2024\/10\/22\/concerts-hommage-au-trio-de-jazz-formule-magique-4-et-5-novembre-2024\/\">11 &#8211; 04 novembre &#8211; Concerts &#8211; \u00ab\u00a0Hommage au trio de jazz, formule magique\u00a0\u00bb (S. Blaser, P. Bruun, M. Ducret)<\/a><\/li><li><a href=\"https:\/\/www.19paulfort.com\/galerie\/index.php\/2024\/10\/22\/concert-hommage-au-trio-de-jazz-formule-magique-d-humair-b-moussay-l-sclavis-5-11-2024\/\">11 &#8211; 05 novembre &#8211; Concert &#8211; \u00ab\u00a0Hommage au trio de jazz, formule magique\u00a0\u00bb (D. Humair, B. Moussay, L. Sclavis)<\/a><\/li><li><a href=\"https:\/\/www.19paulfort.com\/galerie\/index.php\/2024\/11\/07\/concert-trio-attia-m-attias-saxophone-g-mevel-violoncelle-t-waziniak-batterie-14-11-2024\/\">11 &#8211; 14 novembre &#8211; Concert &#8211; Trio Alta (M. Attias, saxophone &#8211; G. Mevel, violoncelle &#8211; T. Waziniak, batterie)<\/a><\/li><li><a href=\"https:\/\/www.19paulfort.com\/galerie\/index.php\/2024\/11\/06\/concert-duo-stephan-oliva-pianiste-sebastien-boisseau-contrebasse-19-novembre-2024\/\">11 &#8211; 19 novembre &#8211; Concert &#8211; Duo St\u00e9phan Oliva (pianiste), S\u00e9bastien Boisseau (contrebasse)<\/a><\/li><li><a href=\"https:\/\/www.19paulfort.com\/galerie\/index.php\/2024\/11\/18\/concert-quatuor-cordes-talea-23-et-24-novembre-2024\/\">11 &#8211; 23 \/ 24 novembre &#8211; Concert &#8211; Quatuor cordes Talea &#8211;<\/a><\/li><li><a href=\"https:\/\/www.19paulfort.com\/galerie\/index.php\/2024\/11\/18\/rencontre-parution-de-materia-prima-livre-de-photographies-dherve-jezequel-23-et-24-novembre-2024\/\">11 &#8211; 23 \/ 24 novembre &#8211; Rencontre &#8211; Parution de MATERIA PRIMA, livre de photographies d&rsquo;Herv\u00e9 J\u00e9z\u00e9quel<\/a><\/li><li><a href=\"https:\/\/www.19paulfort.com\/galerie\/index.php\/2024\/11\/18\/concert-estelle-revaz-en-solo-les-11-caprices-pour-violoncelle-seul-de-dallabaco-28-11-24\/\">11 &#8211; 28 novembre &#8211; Concert &#8211; Estelle Revaz en solo &#8211; Les 11 Caprices pour violoncelle seul de Dall&rsquo;Abaco<\/a><\/li><li><a href=\"https:\/\/www.19paulfort.com\/galerie\/index.php\/2024\/11\/26\/exposition-mosaiques-africaines-2-au-22-decembre-2024\/\">12 &#8211; 02 \/ 22 d\u00e9cembre &#8211; Exposition \u2014 Mosa\u00efques africaines<\/a><\/li><li><a href=\"https:\/\/www.19paulfort.com\/galerie\/index.php\/2024\/11\/29\/12547\/\">12 &#8211; 04 d\u00e9cembre &#8211; Concert \u2014 Jazz et po\u00e9sie &#8211;<\/a><\/li><li><a href=\"https:\/\/www.19paulfort.com\/galerie\/index.php\/2024\/12\/05\/12581\/\">12 &#8211; 08 d\u00e9cembre &#8211; Concert &#8211; Sofya M\u00e9likyan (piano), Gayan\u00e9 Movsisyan (mezzo-soprano)<\/a><\/li><li><a href=\"https:\/\/www.19paulfort.com\/galerie\/index.php\/2024\/12\/08\/concert_boulou_elios_ferre\/\">12 &#8211; 18 d\u00e9cembre &#8211; Concert \u2014 Soir\u00e9e jazz-manouche avec les c\u00e9l\u00e8bres fr\u00e8res Boulou &#038; Elios Ferr\u00e9<\/a><\/li><\/ul>\n","protected":false},"excerpt":{"rendered":"","protected":false},"author":1,"featured_media":0,"parent":0,"menu_order":0,"comment_status":"closed","ping_status":"closed","template":"","meta":{"footnotes":""},"class_list":["post-11504","page","type-page","status-publish","hentry"],"_links":{"self":[{"href":"https:\/\/www.19paulfort.com\/galerie\/index.php\/wp-json\/wp\/v2\/pages\/11504","targetHints":{"allow":["GET"]}}],"collection":[{"href":"https:\/\/www.19paulfort.com\/galerie\/index.php\/wp-json\/wp\/v2\/pages"}],"about":[{"href":"https:\/\/www.19paulfort.com\/galerie\/index.php\/wp-json\/wp\/v2\/types\/page"}],"author":[{"embeddable":true,"href":"https:\/\/www.19paulfort.com\/galerie\/index.php\/wp-json\/wp\/v2\/users\/1"}],"replies":[{"embeddable":true,"href":"https:\/\/www.19paulfort.com\/galerie\/index.php\/wp-json\/wp\/v2\/comments?post=11504"}],"version-history":[{"count":1,"href":"https:\/\/www.19paulfort.com\/galerie\/index.php\/wp-json\/wp\/v2\/pages\/11504\/revisions"}],"predecessor-version":[{"id":11505,"href":"https:\/\/www.19paulfort.com\/galerie\/index.php\/wp-json\/wp\/v2\/pages\/11504\/revisions\/11505"}],"wp:attachment":[{"href":"https:\/\/www.19paulfort.com\/galerie\/index.php\/wp-json\/wp\/v2\/media?parent=11504"}],"curies":[{"name":"wp","href":"https:\/\/api.w.org\/{rel}","templated":true}]}}