{"id":362,"date":"2016-04-03T16:43:53","date_gmt":"2016-04-03T15:43:53","guid":{"rendered":"http:\/\/www.19paulfort.com\/galerie\/?page_id=362"},"modified":"2016-05-16T08:31:39","modified_gmt":"2016-05-16T07:31:39","slug":"evenements-2012","status":"publish","type":"page","link":"https:\/\/www.19paulfort.com\/galerie\/index.php\/evenements-2012\/","title":{"rendered":"\u00c9v\u00e9nements 2012"},"content":{"rendered":"<p><ul class=\"lcp_catlist\" id=\"lcp_instance_0\"><li><a href=\"https:\/\/www.19paulfort.com\/galerie\/index.php\/2016\/06\/01\/concert-musique-et-poesie-florence-millet-joue-francois-nicolas-mars-2012\/\">03 &#8211; 23 mars &#8211; Concert &#8211; \u00ab\u00a0Musique et po\u00e9sie\u00a0\u00bb Florence Millet joue Fran\u00e7ois Nicolas &#8211;<\/a><\/li><li><a href=\"https:\/\/www.19paulfort.com\/galerie\/index.php\/2016\/06\/01\/exposition-autour-du-japon-2-avec-setsuko-nagasawa-et-daniel-chompre-du-29-mars-au-15-avril-2012\/\">03 &#8211; 29 mars \/ 15 avril &#8211; Exposition &#8211; \u00ab\u00a0Autour du Japon (2)\u00a0\u00bb avec S. Nagasawa et D. Chompre<\/a><\/li><li><a href=\"https:\/\/www.19paulfort.com\/galerie\/index.php\/2016\/06\/01\/duo-de-miya-concert-de-masaoka-et-larry-ochs-dans-le-cadre-de-lexposition-autour-du-japon-2-15-avril-2012\/\">04 &#8211; 15 avril &#8211; Concert &#8211; Duo de Miya Masaoka et Larry Ochs,  pour expo. Autour du Japon (2) &#8211;<\/a><\/li><li><a href=\"https:\/\/www.19paulfort.com\/galerie\/index.php\/2016\/06\/01\/concert-duo-de-joelle-leandre-et-francois-houle-le-20-avril-2012\/\">04 &#8211; 20 avril &#8211; Concert &#8211; Duo de  Jo\u00eblle L\u00e9andre et Fran\u00e7ois Houle &#8211;<\/a><\/li><li><a href=\"https:\/\/www.19paulfort.com\/galerie\/index.php\/2016\/06\/01\/exposition-libertes-affinites-avec-alison-britton-elizabeth-fritsch-carol-mcnicoll-jacqueline-poncelet-janice-tchalenko-et-marie-christine-dorner-du-24-mai-au-15-juin-2012\/\">05 &#8211; 24 mai \/ 15 juin &#8211; Exposition &#8211; \u00ab\u00a0Libert\u00e9s, Affinit\u00e9s \u00a0\u00bb &#8211; A. Britton, E. Fritsch, C. McNicoll, J. Poncelet, J. Tchalenko, M.-Ch. DORNER &#8211;<\/a><\/li><li><a href=\"https:\/\/www.19paulfort.com\/galerie\/index.php\/2016\/06\/01\/concert-de-mike-et-kate-westbrook-et-dominique-pifarelylondon-et-other-songs-16-juin-2012\/\">06 &#8211; 16 juin &#8211; Concert &#8211; Mike et Kate Westbrook et Dominique Pifar\u00e9ly : \u00ab\u00a0London&#8230; et other songs\u00a0\u00bb &#8211;<\/a><\/li><li><a href=\"https:\/\/www.19paulfort.com\/galerie\/index.php\/2016\/06\/01\/concert-tm-avec-louise-callinan-donatienne-michel-dansac-fabrice-dalis-vincent-leterme-et-leo-warinsky-le-25-juin-2012\/\">06 &#8211; 25 juin &#8211; Concert &#8211; \u00ab\u00a0T&#038;M \u00a0\u00bb avec L. Callinan,  D. Michel-Dansac, F. Dalis, V. Leterme et L. Warynski &#8211;<\/a><\/li><li><a href=\"https:\/\/www.19paulfort.com\/galerie\/index.php\/2016\/06\/01\/exposition-trames-avec-richard-batterham-xavier-lambours-et-maija-lavonen-du-6-au-24-septembre-2012\/\">09 &#8211; 06 \/ 24 septembre &#8211; Exposition &#8211; \u00ab\u00a0Trames\u00a0\u00bb  avec  R. Batterham, X. Lambours et M. Lavonen<\/a><\/li><li><a href=\"https:\/\/www.19paulfort.com\/galerie\/index.php\/2016\/06\/01\/concert-demilie-gastaud-dansons-avec-les-cordes-le-9-septembre-2012\/\">09 &#8211; 09 septembre &#8211; Concert &#8211; Emilie Gastaud :  \u00ab\u00a0Dansons avec les cordes\u00a0\u00bb &#8211;<\/a><\/li><li><a href=\"https:\/\/www.19paulfort.com\/galerie\/index.php\/2016\/06\/01\/exposition-reves-dorient-catherine-vanier-et-alexandre-ivanovitch-iyas-du-10-au-28-octobre-2012\/\">10 &#8211; 10 \/ 28 octobre &#8211; Exposition &#8211; \u00ab\u00a0R\u00eaves d&rsquo;Orient\u00a0\u00bb   Catherine Vanier et Alexandre Ivanovitch Iyas<\/a><\/li><li><a href=\"https:\/\/www.19paulfort.com\/galerie\/index.php\/2016\/06\/01\/concert-de-khaled-aljaramani-dans-le-cadre-de-lexposition-reves-dorient-25-octobre-2012\/\">10 &#8211; 25 octobre &#8211; Concert &#8211; Khaled Aljaramani  dans le cadre de l&rsquo;exposition \u00ab\u00a0R\u00eaves d&rsquo;Orient\u00a0\u00bb &#8211;<\/a><\/li><li><a href=\"https:\/\/www.19paulfort.com\/galerie\/index.php\/2016\/04\/02\/exposition-tables-dartistes-nov-2012\/\">11 &#8211; 12 \/ 26 novembre &#8211; Exposition &#8211; \u00ab\u00a0Tables d&rsquo;artistes\u00a0\u00bb &#8211;<\/a><\/li><li><a href=\"https:\/\/www.19paulfort.com\/galerie\/index.php\/2016\/06\/01\/concert-du-trio-westbrook-dans-le-cadre-de-lexposition-tables-dartistes-le-25-novembre-2012\/\">11 &#8211; 25 novembre &#8211; Concert &#8211; Trio Westbrook dans le cadre de l&rsquo;exposition \u00ab\u00a0Tables d&rsquo;artistes\u00a0\u00bb<\/a><\/li><li><a href=\"https:\/\/www.19paulfort.com\/galerie\/index.php\/2016\/06\/01\/exposition-amour-et-fantaisies-avec-eric-james-mellon-marie-mercie-et-xavier-lambours-du-6-au-20-decembre-2012\/\">12 &#8211; 06 \/ 20 d\u00e9cembre &#8211; Exposition  &#8211; \u00ab\u00a0Amour et Fantaisies\u00a0\u00bb avec E-J. Mellon, M. Merci\u00e9 et X. Lambour<\/a><\/li><li><a href=\"https:\/\/www.19paulfort.com\/galerie\/index.php\/2016\/06\/01\/concert-berceuserockaby-par-carol-robinson-dans-le-cadre-de-lexposition-amour-et-fantaisies-9-decembre-2012\/\">12 &#8211; 09 d\u00e9cembre &#8211; Concert &#8211; \u00ab\u00a0Berceuse\/Rockaby\u00a0\u00bb par C. Robinson pour expo. \u00ab\u00a0Amour et Fantaisies\u00a0\u00bb &#8211;<\/a><\/li><li><a href=\"https:\/\/www.19paulfort.com\/galerie\/index.php\/2016\/06\/01\/concert-trans-atlantismes-trio-le-17-decembre-2012\/\">12 &#8211; 17 d\u00e9cembre &#8211; Concert &#8211; \u00ab\u00a0Trans-Atlantismes Trio\u00a0\u00bb &#8211;<\/a><\/li><li><a href=\"https:\/\/www.19paulfort.com\/galerie\/index.php\/2016\/06\/01\/concert-de-jeffrey-grice-les-20-21-et-22-decembre-2012\/\">12 &#8211; 20 \/ 21 \/ 22 d\u00e9cembre &#8211; Concert &#8211; Jeffrey Grice &#8211; R\u00e9cital &#8211;<\/a><\/li><\/ul><br \/>\nVous ne trouvez pas la fiche ici ? Peut-\u00eatre n&rsquo;a-t-elle pas encore \u00e9t\u00e9 transf\u00e9r\u00e9e de <a href=\"http:\/\/19paulfort.com\/index.php?option=com_content&amp;view=article&amp;id=60&amp;Itemid=160&amp;lang=fr\" target=\"_blank\">l&rsquo;ancien site<\/p>\n<p><\/a><div id=\"metaslider-id-241\" style=\"max-width: 700px; margin: 0 auto;\" class=\"ml-slider-3-109-0 metaslider metaslider-flex metaslider-241 ml-slider ms-theme-default nav-hidden\" role=\"region\" aria-label=\"Le Lieu\" data-height=\"300\" data-width=\"700\">\n    <div id=\"metaslider_container_241\">\n        <div id=\"metaslider_241\" class=\"flexslider\">\n            <ul class='slides'>\n                <li style=\"display: block; width: 100%;\" class=\"slide-31 ms-image \" aria-roledescription=\"slide\" data-date=\"2016-04-01 10:52:16\" data-filename=\"ruePaulFort16-700x300.jpg\" data-slide-type=\"image\"><img loading=\"lazy\" decoding=\"async\" src=\"https:\/\/www.19paulfort.com\/galerie\/wp-content\/uploads\/2016\/04\/ruePaulFort16-700x300.jpg\" height=\"300\" width=\"700\" alt=\"\" class=\"slider-241 slide-31 msDefaultImage\" \/><\/li>\n                <li style=\"display: none; width: 100%;\" class=\"slide-30 ms-image \" aria-roledescription=\"slide\" data-date=\"2016-04-01 10:52:14\" data-filename=\"ruePaulFort15-700x300.jpg\" data-slide-type=\"image\"><img loading=\"lazy\" decoding=\"async\" src=\"https:\/\/www.19paulfort.com\/galerie\/wp-content\/uploads\/2016\/04\/ruePaulFort15-700x300.jpg\" height=\"300\" width=\"700\" alt=\"\" class=\"slider-241 slide-30 msDefaultImage\" \/><\/li>\n                <li style=\"display: none; width: 100%;\" class=\"slide-29 ms-image \" aria-roledescription=\"slide\" data-date=\"2016-04-01 10:52:11\" data-filename=\"ruePaulFort14-700x300.jpg\" data-slide-type=\"image\"><img loading=\"lazy\" decoding=\"async\" src=\"https:\/\/www.19paulfort.com\/galerie\/wp-content\/uploads\/2016\/04\/ruePaulFort14-700x300.jpg\" height=\"300\" width=\"700\" alt=\"\" class=\"slider-241 slide-29 msDefaultImage\" \/><\/li>\n                <li style=\"display: none; width: 100%;\" class=\"slide-28 ms-image \" aria-roledescription=\"slide\" data-date=\"2016-04-01 10:52:09\" data-filename=\"ruePaulFort13-700x300.jpg\" data-slide-type=\"image\"><img loading=\"lazy\" decoding=\"async\" src=\"https:\/\/www.19paulfort.com\/galerie\/wp-content\/uploads\/2016\/04\/ruePaulFort13-700x300.jpg\" height=\"300\" width=\"700\" alt=\"\" class=\"slider-241 slide-28 msDefaultImage\" \/><\/li>\n                <li style=\"display: none; width: 100%;\" class=\"slide-27 ms-image \" aria-roledescription=\"slide\" data-date=\"2016-04-01 10:52:06\" data-filename=\"ruePaulFort12-700x300.jpg\" data-slide-type=\"image\"><img loading=\"lazy\" decoding=\"async\" src=\"https:\/\/www.19paulfort.com\/galerie\/wp-content\/uploads\/2016\/04\/ruePaulFort12-700x300.jpg\" height=\"300\" width=\"700\" alt=\"\" class=\"slider-241 slide-27 msDefaultImage\" \/><\/li>\n                <li style=\"display: none; width: 100%;\" class=\"slide-26 ms-image \" aria-roledescription=\"slide\" data-date=\"2016-04-01 10:52:04\" data-filename=\"ruePaulFort11-700x300.jpg\" data-slide-type=\"image\"><img loading=\"lazy\" decoding=\"async\" src=\"https:\/\/www.19paulfort.com\/galerie\/wp-content\/uploads\/2016\/04\/ruePaulFort11-700x300.jpg\" height=\"300\" width=\"700\" alt=\"\" class=\"slider-241 slide-26 msDefaultImage\" \/><\/li>\n                <li style=\"display: none; width: 100%;\" class=\"slide-25 ms-image \" aria-roledescription=\"slide\" data-date=\"2016-04-01 10:52:02\" data-filename=\"ruePaulFort10-700x300.jpg\" data-slide-type=\"image\"><img loading=\"lazy\" decoding=\"async\" src=\"https:\/\/www.19paulfort.com\/galerie\/wp-content\/uploads\/2016\/04\/ruePaulFort10-700x300.jpg\" height=\"300\" width=\"700\" alt=\"\" class=\"slider-241 slide-25 msDefaultImage\" \/><\/li>\n                <li style=\"display: none; width: 100%;\" class=\"slide-24 ms-image \" aria-roledescription=\"slide\" data-date=\"2016-04-01 10:51:59\" data-filename=\"ruePaulFort9-700x300.jpg\" data-slide-type=\"image\"><img loading=\"lazy\" decoding=\"async\" src=\"https:\/\/www.19paulfort.com\/galerie\/wp-content\/uploads\/2016\/04\/ruePaulFort9-700x300.jpg\" height=\"300\" width=\"700\" alt=\"\" class=\"slider-241 slide-24 msDefaultImage\" \/><\/li>\n                <li style=\"display: none; width: 100%;\" class=\"slide-23 ms-image \" aria-roledescription=\"slide\" data-date=\"2016-04-01 10:51:56\" data-filename=\"ruePaulFort8-700x300.jpg\" data-slide-type=\"image\"><img loading=\"lazy\" decoding=\"async\" src=\"https:\/\/www.19paulfort.com\/galerie\/wp-content\/uploads\/2016\/04\/ruePaulFort8-700x300.jpg\" height=\"300\" width=\"700\" alt=\"\" class=\"slider-241 slide-23 msDefaultImage\" \/><\/li>\n                <li style=\"display: none; width: 100%;\" class=\"slide-22 ms-image \" aria-roledescription=\"slide\" data-date=\"2016-04-01 10:51:54\" data-filename=\"ruePaulFort7-700x300.jpg\" data-slide-type=\"image\"><img loading=\"lazy\" decoding=\"async\" src=\"https:\/\/www.19paulfort.com\/galerie\/wp-content\/uploads\/2016\/04\/ruePaulFort7-700x300.jpg\" height=\"300\" width=\"700\" alt=\"\" class=\"slider-241 slide-22 msDefaultImage\" \/><\/li>\n                <li style=\"display: none; width: 100%;\" class=\"slide-21 ms-image \" aria-roledescription=\"slide\" data-date=\"2016-04-01 10:51:51\" data-filename=\"ruePaulFort6-700x300.jpg\" data-slide-type=\"image\"><img loading=\"lazy\" decoding=\"async\" src=\"https:\/\/www.19paulfort.com\/galerie\/wp-content\/uploads\/2016\/04\/ruePaulFort6-700x300.jpg\" height=\"300\" width=\"700\" alt=\"\" class=\"slider-241 slide-21 msDefaultImage\" \/><\/li>\n                <li style=\"display: none; width: 100%;\" class=\"slide-20 ms-image \" aria-roledescription=\"slide\" data-date=\"2016-04-01 10:51:49\" data-filename=\"ruePaulFort5-700x300.jpg\" data-slide-type=\"image\"><img loading=\"lazy\" decoding=\"async\" src=\"https:\/\/www.19paulfort.com\/galerie\/wp-content\/uploads\/2016\/04\/ruePaulFort5-700x300.jpg\" height=\"300\" width=\"700\" alt=\"\" class=\"slider-241 slide-20 msDefaultImage\" \/><\/li>\n                <li style=\"display: none; width: 100%;\" class=\"slide-19 ms-image \" aria-roledescription=\"slide\" data-date=\"2016-04-01 10:51:47\" data-filename=\"ruePaulFort4-700x300.jpg\" data-slide-type=\"image\"><img loading=\"lazy\" decoding=\"async\" src=\"https:\/\/www.19paulfort.com\/galerie\/wp-content\/uploads\/2016\/04\/ruePaulFort4-700x300.jpg\" height=\"300\" width=\"700\" alt=\"\" class=\"slider-241 slide-19 msDefaultImage\" \/><\/li>\n                <li style=\"display: none; width: 100%;\" class=\"slide-18 ms-image \" aria-roledescription=\"slide\" data-date=\"2016-04-01 10:51:45\" data-filename=\"ruePaulFort3-700x300.jpg\" data-slide-type=\"image\"><img loading=\"lazy\" decoding=\"async\" src=\"https:\/\/www.19paulfort.com\/galerie\/wp-content\/uploads\/2016\/04\/ruePaulFort3-700x300.jpg\" height=\"300\" width=\"700\" alt=\"\" class=\"slider-241 slide-18 msDefaultImage\" \/><\/li>\n                <li style=\"display: none; width: 100%;\" class=\"slide-17 ms-image \" aria-roledescription=\"slide\" data-date=\"2016-04-01 10:51:43\" data-filename=\"ruePaulFort2-700x300.jpg\" data-slide-type=\"image\"><img loading=\"lazy\" decoding=\"async\" src=\"https:\/\/www.19paulfort.com\/galerie\/wp-content\/uploads\/2016\/04\/ruePaulFort2-700x300.jpg\" height=\"300\" width=\"700\" alt=\"\" class=\"slider-241 slide-17 msDefaultImage\" \/><\/li>\n                <li style=\"display: none; width: 100%;\" class=\"slide-16 ms-image \" aria-roledescription=\"slide\" data-date=\"2016-04-01 10:51:40\" data-filename=\"ruePaulFort1-700x300.jpg\" data-slide-type=\"image\"><img loading=\"lazy\" decoding=\"async\" src=\"https:\/\/www.19paulfort.com\/galerie\/wp-content\/uploads\/2016\/04\/ruePaulFort1-700x300.jpg\" height=\"300\" width=\"700\" alt=\"\" class=\"slider-241 slide-16 msDefaultImage\" \/><\/li>\n            <\/ul>\n        <\/div>\n        \n    <\/div>\n<\/div><\/p>\n","protected":false},"excerpt":{"rendered":"<p>Vous ne trouvez pas la fiche ici ? Peut-\u00eatre n&rsquo;a-t-elle pas encore \u00e9t\u00e9 transf\u00e9r\u00e9e de l&rsquo;ancien site<\/p>\n","protected":false},"author":1,"featured_media":0,"parent":0,"menu_order":0,"comment_status":"closed","ping_status":"closed","template":"","meta":{"footnotes":""},"class_list":["post-362","page","type-page","status-publish","hentry"],"_links":{"self":[{"href":"https:\/\/www.19paulfort.com\/galerie\/index.php\/wp-json\/wp\/v2\/pages\/362","targetHints":{"allow":["GET"]}}],"collection":[{"href":"https:\/\/www.19paulfort.com\/galerie\/index.php\/wp-json\/wp\/v2\/pages"}],"about":[{"href":"https:\/\/www.19paulfort.com\/galerie\/index.php\/wp-json\/wp\/v2\/types\/page"}],"author":[{"embeddable":true,"href":"https:\/\/www.19paulfort.com\/galerie\/index.php\/wp-json\/wp\/v2\/users\/1"}],"replies":[{"embeddable":true,"href":"https:\/\/www.19paulfort.com\/galerie\/index.php\/wp-json\/wp\/v2\/comments?post=362"}],"version-history":[{"count":3,"href":"https:\/\/www.19paulfort.com\/galerie\/index.php\/wp-json\/wp\/v2\/pages\/362\/revisions"}],"predecessor-version":[{"id":618,"href":"https:\/\/www.19paulfort.com\/galerie\/index.php\/wp-json\/wp\/v2\/pages\/362\/revisions\/618"}],"wp:attachment":[{"href":"https:\/\/www.19paulfort.com\/galerie\/index.php\/wp-json\/wp\/v2\/media?parent=362"}],"curies":[{"name":"wp","href":"https:\/\/api.w.org\/{rel}","templated":true}]}}