{"id":3729,"date":"2016-08-29T19:47:59","date_gmt":"2016-08-29T18:47:59","guid":{"rendered":"http:\/\/www.19paulfort.com\/galerie\/?page_id=3729"},"modified":"2025-03-03T16:14:25","modified_gmt":"2025-03-03T15:14:25","slug":"theatre","status":"publish","type":"page","link":"https:\/\/www.19paulfort.com\/galerie\/index.php\/theatre\/","title":{"rendered":"Th\u00e9\u00e2tre"},"content":{"rendered":"<h1 style=\"text-align: center;\"><strong>\u2014 derni\u00e8re pi\u00e8ce produite \u2014<br \/>\n<\/strong><br \/>\n<strong>la Compagnie \u00ab Le loup dans la baignoire \u00bb<\/strong><br \/>\n<strong>dans<\/strong><\/h1>\n<h1 style=\"text-align: center;\"><span style=\"color: #ff0000;\">Le neveu de Rameau<\/span><\/h1>\n<p><img loading=\"lazy\" decoding=\"async\" class=\"aligncenter size-full wp-image-10801\" src=\"http:\/\/www.19paulfort.com\/galerie\/wp-content\/uploads\/2023\/03\/Diderot.jpg\" alt=\"\" width=\"402\" height=\"500\" srcset=\"https:\/\/www.19paulfort.com\/galerie\/wp-content\/uploads\/2023\/03\/Diderot.jpg 402w, https:\/\/www.19paulfort.com\/galerie\/wp-content\/uploads\/2023\/03\/Diderot-241x300.jpg 241w\" sizes=\"auto, (max-width: 402px) 100vw, 402px\" \/><\/p>\n<h1 style=\"text-align: center;\"><span style=\"color: #ff0000;\">de Denis DIDEROT<\/span><\/h1>\n<p style=\"text-align: justify;\">Jean-Fran\u00e7ois RAMEAU, le Neveu, n\u00e9 en janvier 1716 \u00e0 Dijon et mort en 1777 \u00e0 Armenti\u00e8res, est un organiste et compositeur fran\u00e7ais. Il est le premier fils de Claude RAMEAU, le fr\u00e8re du c\u00e9l\u00e8bre compositeur Jean-Philippe RAMEAU.<br \/>\nC\u2019est un authentique original comme en t\u00e9moignent les portraits de Louis-S\u00e9bastien MERCIER en particulier. Il a une vie chaotique : on le retrouve tant\u00f4t eccl\u00e9siastique, tant\u00f4t dans un r\u00e9giment, plus tard, professeur de clavecin pour belles demoiselles, le plus souvent cheminant sur les routes du royaume vers on ne sait quel but. Mis\u00e9rable et querelleur, son \u00e9tat naturel est la boh\u00e8me. Il terminera sa vie dans un hospice.<br \/>\nGr\u00e2ce \u00e0 Diderot, il deviendra le savoureux et cynique h\u00e9ros du r\u00e9cit.<br \/>\n<em>\u00abTraversant le XVIIIe si\u00e8cle, de la fin du r\u00e8gne de Louis XIV \u00e0 la veille de la R\u00e9volution Fran\u00e7aise, Denis Diderot aura tout vu de la fin d\u2019un monde et tout compris de celui qui s\u2019annon\u00e7ait. Il aura d\u00e9fi\u00e9 les grands de son temps, il aura pens\u00e9 et \u00e9crit librement au risque de l\u2019emprisonnement. <\/em><em>Il fut le dernier homme \u00e0 ma\u00eetriser l\u2019ensemble du savoir de son \u00e9poque. <\/em><em>\u00c0 mon sens, dans un si\u00e8cle, Diderot sera probablement le seul philosophe des Lumi\u00e8res \u00e0 voir son \u00e9toile grandir. Le seul qui nous sera encore utile, par ses id\u00e9es comme par sa fa\u00e7on de penser.\u00bb<\/em> <strong>Jacques Attali<\/strong><\/p>\n<p><strong>Conception et r\u00e9alisation :<\/strong><br \/>\nPhilippe MERCIER : le Neveu &#8211; Guy-Pierre COULEAU : le Philosophe &#8211; H\u00e9l\u00e8ne FOUQUART : Piano &#8211; Roland GIROMINI : R\u00e9gie<\/p>\n<h1 style=\"text-align: center;\"><span style=\"color: #ff0000;\">Deux repr\u00e9sentations : <\/span><br \/>\n<span style=\"color: #ff0000;\">samedi 1 avril 2016 \u00e0 20 heures 30<\/span><br \/>\n<span style=\"color: #ff0000;\">et dimanche 2 avril 2016 \u00e0 15 heures<\/span><\/h1>\n<p><b>Programme musical<br \/>\n1\u00e8re s\u00e9quence :<br \/>\n<\/b>Jean-S\u00e9bastien BACH : 2e partita pour clavier BWV 826.\u00a0 Sinfonia \u2013 Allemande \u2013 Courante<br \/>\n<b>2e s\u00e9quence :<br \/>\n<\/b>Jean-Philippe RAMEAU : 1er livre des pi\u00e8ces pour clavier (1724). Pr\u00e9lude \u2013 Les trois mains \u2013 Les Sauvages<br \/>\n<b>3e s\u00e9quence :<br \/>\n<\/b>Jean-Philippe RAMEAU : 1er livre des pi\u00e8ces pour clavier (1724). L\u2019Entretien des Muses &#8211; Les Cyclopes<br \/>\n<b>4e s\u00e9quence :<br \/>\n<\/b>Jean-S\u00e9bastien BACH : 2e partita pour clavier BWV 826. Sarabande \u2013 Rondeau \u2013 Capriccio<\/p>\n<p style=\"text-align: justify;\">Le Neveu De Rameau est sans doute la pi\u00e8ce la plus c\u00e9l\u00e8bre de Denis Diderot, celle qui, de nos jours, fait consid\u00e9rer universellement l\u2019initiateur de L\u2019Encyclop\u00e9die comme un g\u00e9nie. \u00c9crite entre 1762 et 1773, cette \u0153uvre si singuli\u00e8re, pleine de malice et d\u2019ironie, est un dialogue \u00e0 b\u00e2tons rompus entre le narrateur philosophe (d\u00e9sign\u00e9 comme MOI dans le texte) et Jean-Fran\u00e7ois Rameau, neveu du c\u00e9l\u00e8bre compositeur Jean-Philippe Rameau (d\u00e9sign\u00e9 comme LUI dans le texte). Satire sociale f\u00e9roce d\u2019une \u00e9poque corrompue et dans l\u2019incapacit\u00e9 de se r\u00e9former, Le Neveu de Rameau se pr\u00e9sente sous la forme de r\u00e9flexions sur la nature du g\u00e9nie, sur les arts, le savoir, la politique, le r\u00f4le de l\u2019\u00e9ducation, la r\u00e9partition des<br \/>\nrichesses et somme toute la morale publique et priv\u00e9e. Diderot a pris un plaisir \u00e9vident \u00e0 ridiculiser les nombreux adversaires de L\u2019Encyclop\u00e9die, sans se priver de railler ses ennemis personnels \u00e0 la Cour comme \u00e0 la ville, tels que les anti-philosophes Fr\u00e9ron et Palissot, sans oublier les j\u00e9suites. Il a d\u00e9nonc\u00e9 avec une verve incomparable les parasites, les hypocrites (religieux ou affairistes), les arrivistes corrompus et les courtisans sans scrupules. Lui (Le Neveu de Rameau) et Moi (le Philosophe) font d\u00e9couvrir chacun \u00e0 sa fa\u00e7on diff\u00e9rents aspects de la personnalit\u00e9 de Diderot pour qui l\u2019homme est un \u00eatre p\u00e9tri de paradoxes et de contradictions. Sa pi\u00e8ce se r\u00e9v\u00e8le comme un t\u00e9moignage vivant sur la nature humaine et son avenir : une d\u00e9sesp\u00e9rance sans r\u00e9el pessimisme doubl\u00e9 d\u2019un espoir sans illusions. En r\u00e9alit\u00e9, Denis Diderot croyait \u00e0 un combat permanent de l\u2019intelligence pour le triomphe du progr\u00e8s des consciences. Nul n\u2019a eu connaissance du vivant de Diderot de l\u2019existence de cette fiction th\u00e9\u00e2trale majeure, pas m\u00eame ses bons amis Grimm ou le baron d\u2019Holbach. Le cheminement de l\u2019\u0153uvre, apr\u00e8s la mort de Diderot, reste en partie une \u00e9nigme. Un manuscrit fut en effet remis en 1821 \u00e0 Berlin \u00e0 Goethe par son compatriote le po\u00e8te Schiller qui l\u2019avait rapport\u00e9 de Saint-Petersbourg. En effet, selon les historiens, ce manuscrit qui fut traduit par Goethe et \u00e9dit\u00e9 \u00e0 Berlin provenait tr\u00e8s<br \/>\nprobablement de la biblioth\u00e8que de Diderot acquise par l\u2019imp\u00e9ratrice Catherine II de Russie. Une traduction fran\u00e7aise fut ensuite publi\u00e9e en 1823 \u00e0 partir de la version de Goethe. Enfin \u2013 et c\u2019est un coup de th\u00e9\u00e2tre -, en 1892, un biblioth\u00e9caire de la Ville de Paris d\u00e9couvrit par hasard chez un bouquiniste des quais de Seine le manuscrit original du Neveu, de la main de Diderot, parmi d\u2019autres documents de th\u00e9\u00e2tre. \u00ab Rira bien qui rira le dernier \u00bb : cette derni\u00e8re r\u00e9plique du Neveu de Rameau semble \u00eatre un clin d\u2019\u0153il \u00e0 l\u2019\u00e9pop\u00e9e du manuscrit. N\u00e9 \u00e0 Langres en 1723, Denis Diderot mourut \u00e0 Paris en 1784.<\/p>\n<p style=\"text-align: right;\"><strong>Antoine Merlino<\/strong><\/p>\n<p>&gt; <a href=\"http:\/\/www.19paulfort.com\/galerie\/index.php\/2019\/11\/13\/8189\/\" target=\"_blank\" rel=\"noopener\">Voir la fiche de Philippe MERCIER<\/a><br \/>\n&gt; <a href=\"http:\/\/www.19paulfort.com\/galerie\/index.php\/2022\/11\/21\/couleau-guy-pierre\/\" target=\"_blank\" rel=\"noopener\">Voir la fiche de Guy-Pierre COULEAU<\/a><br \/>\n&gt; <a href=\"http:\/\/www.19paulfort.com\/galerie\/index.php\/2019\/11\/13\/fouquart-helene\/\" target=\"_blank\" rel=\"noopener\">Voir la fiche d&rsquo;H\u00e9l\u00e8ne FOUQUART<\/a><\/p>\n<p><span style=\"color: #ff0000;\"><strong>Participation :<\/strong><\/span> 25\u20ac<br \/>\n<span style=\"color: #ff0000;\"><strong>R\u00e9servation indispensable :<\/strong> <\/span><a href=\"mailto:helenaziza@19paulfort.com\">helenaziza@19paulfort.com<\/a><\/p>\n","protected":false},"excerpt":{"rendered":"<p>\u2014 derni\u00e8re pi\u00e8ce produite \u2014 la Compagnie \u00ab Le loup dans la baignoire \u00bb dans Le neveu de Rameau de Denis DIDEROT Jean-Fran\u00e7ois RAMEAU, le Neveu, n\u00e9 en janvier 1716 \u00e0 Dijon et mort en 1777 \u00e0 Armenti\u00e8res, est un organiste et compositeur fran\u00e7ais. Il est le premier fils de Claude RAMEAU, le fr\u00e8re du&hellip;<a href=\"https:\/\/www.19paulfort.com\/galerie\/index.php\/theatre\/\" class=\"more-link\">Continue reading <span class=\"screen-reader-text\">Th\u00e9\u00e2tre<\/span><\/a><\/p>\n","protected":false},"author":1,"featured_media":0,"parent":0,"menu_order":0,"comment_status":"closed","ping_status":"closed","template":"","meta":{"footnotes":""},"class_list":["post-3729","page","type-page","status-publish","hentry"],"_links":{"self":[{"href":"https:\/\/www.19paulfort.com\/galerie\/index.php\/wp-json\/wp\/v2\/pages\/3729","targetHints":{"allow":["GET"]}}],"collection":[{"href":"https:\/\/www.19paulfort.com\/galerie\/index.php\/wp-json\/wp\/v2\/pages"}],"about":[{"href":"https:\/\/www.19paulfort.com\/galerie\/index.php\/wp-json\/wp\/v2\/types\/page"}],"author":[{"embeddable":true,"href":"https:\/\/www.19paulfort.com\/galerie\/index.php\/wp-json\/wp\/v2\/users\/1"}],"replies":[{"embeddable":true,"href":"https:\/\/www.19paulfort.com\/galerie\/index.php\/wp-json\/wp\/v2\/comments?post=3729"}],"version-history":[{"count":29,"href":"https:\/\/www.19paulfort.com\/galerie\/index.php\/wp-json\/wp\/v2\/pages\/3729\/revisions"}],"predecessor-version":[{"id":13091,"href":"https:\/\/www.19paulfort.com\/galerie\/index.php\/wp-json\/wp\/v2\/pages\/3729\/revisions\/13091"}],"wp:attachment":[{"href":"https:\/\/www.19paulfort.com\/galerie\/index.php\/wp-json\/wp\/v2\/media?parent=3729"}],"curies":[{"name":"wp","href":"https:\/\/api.w.org\/{rel}","templated":true}]}}