{"id":5925,"date":"2018-06-05T14:10:45","date_gmt":"2018-06-05T13:10:45","guid":{"rendered":"http:\/\/www.19paulfort.com\/galerie\/?page_id=5925"},"modified":"2025-10-15T19:58:20","modified_gmt":"2025-10-15T18:58:20","slug":"rencontres","status":"publish","type":"page","link":"https:\/\/www.19paulfort.com\/galerie\/index.php\/rencontres\/","title":{"rendered":"Rencontres &#8211; Conf\u00e9rences"},"content":{"rendered":"<h1 style=\"text-align: center;\"><strong><b><span style=\"color: #ff0000;\"><span style=\"color: #000000;\">\u2014 derni\u00e8re rencontre r\u00e9alis\u00e9e \u2014<\/span><\/span><\/b><\/strong><\/h1>\n<p style=\"text-align: center;\"><strong>Au 19 Paul Fort<\/strong><\/p>\n<h1 style=\"text-align: center;\"><span style=\"color: #ff0000;\">mercredi 18 et jeudi 19 juin 202<\/span><b><span style=\"color: #ff0000;\">5<\/span><br \/>\n<\/b><b>de<\/b><b><span style=\"color: #0000ff;\"> 16h \u00e0 20h<\/span><br \/>\n<\/b><\/h1>\n<p style=\"text-align: center;\"><strong>H\u00e9l\u00e8ne Aziza accueille le c\u00e9ramiste<\/strong><\/p>\n<h1 style=\"text-align: center;\"><span style=\"color: #ff0000;\"><b>Michel Muraour<\/b><\/span><\/h1>\n<p><img loading=\"lazy\" decoding=\"async\" class=\"size-full wp-image-13659 aligncenter\" src=\"http:\/\/www.19paulfort.com\/galerie\/wp-content\/uploads\/2025\/05\/lMichel-Muraour-Tour.jpg\" alt=\"\" width=\"389\" height=\"500\" srcset=\"https:\/\/www.19paulfort.com\/galerie\/wp-content\/uploads\/2025\/05\/lMichel-Muraour-Tour.jpg 389w, https:\/\/www.19paulfort.com\/galerie\/wp-content\/uploads\/2025\/05\/lMichel-Muraour-Tour-233x300.jpg 233w\" sizes=\"auto, (max-width: 389px) 100vw, 389px\" \/><\/p>\n<p style=\"text-align: center;\"><span style=\"font-size: x-large;\"><b>nous f\u00eaterons la parution de son livre<br \/>\n<\/b><\/span><span style=\"font-size: xx-large;\"><b><span style=\"color: #ff0000;\">Michel Muraour\u00a0 1971 &#8211; 2025<\/span><\/b><\/span><\/p>\n<p><img loading=\"lazy\" decoding=\"async\" class=\"aligncenter size-full wp-image-13661\" src=\"http:\/\/www.19paulfort.com\/galerie\/wp-content\/uploads\/2025\/05\/couverture-ldouble-F-copie.jpg\" alt=\"\" width=\"1500\" height=\"700\" srcset=\"https:\/\/www.19paulfort.com\/galerie\/wp-content\/uploads\/2025\/05\/couverture-ldouble-F-copie.jpg 1500w, https:\/\/www.19paulfort.com\/galerie\/wp-content\/uploads\/2025\/05\/couverture-ldouble-F-copie-300x140.jpg 300w, https:\/\/www.19paulfort.com\/galerie\/wp-content\/uploads\/2025\/05\/couverture-ldouble-F-copie-1024x478.jpg 1024w, https:\/\/www.19paulfort.com\/galerie\/wp-content\/uploads\/2025\/05\/couverture-ldouble-F-copie-768x358.jpg 768w, https:\/\/www.19paulfort.com\/galerie\/wp-content\/uploads\/2025\/05\/couverture-ldouble-F-copie-750x350.jpg 750w\" sizes=\"auto, (max-width: 1500px) 100vw, 1500px\" \/><\/p>\n<p style=\"text-align: justify;\">Pendant ces deux jours Michel d\u00e9dicacera son livre et quelques unes de ses c\u00e9ramiques seront expos\u00e9es et propos\u00e9es \u00e0 la vente. <b>Bernard Bachelier<\/b> pr\u00e9sentera l&rsquo;artiste et son travail <strong>mercredi 18 juin \u00e0 18h.<\/strong><\/p>\n<p><strong>&gt; <a href=\"https:\/\/www.19paulfort.com\/galerie\/index.php\/2025\/05\/25\/muraour-michel\/\" target=\"_blank\" rel=\"noopener\">Voir la fiche de Michel Muraour<\/a><\/strong><\/p>\n","protected":false},"excerpt":{"rendered":"<p>\u2014 derni\u00e8re rencontre r\u00e9alis\u00e9e \u2014 Au 19 Paul Fort mercredi 18 et jeudi 19 juin 2025 de 16h \u00e0 20h H\u00e9l\u00e8ne Aziza accueille le c\u00e9ramiste Michel Muraour nous f\u00eaterons la parution de son livre Michel Muraour\u00a0 1971 &#8211; 2025 Pendant ces deux jours Michel d\u00e9dicacera son livre et quelques unes de ses c\u00e9ramiques seront expos\u00e9es&hellip;<a href=\"https:\/\/www.19paulfort.com\/galerie\/index.php\/rencontres\/\" class=\"more-link\">Continue reading <span class=\"screen-reader-text\">Rencontres &#8211; Conf\u00e9rences<\/span><\/a><\/p>\n","protected":false},"author":1,"featured_media":0,"parent":0,"menu_order":0,"comment_status":"closed","ping_status":"closed","template":"","meta":{"footnotes":""},"class_list":["post-5925","page","type-page","status-publish","hentry"],"_links":{"self":[{"href":"https:\/\/www.19paulfort.com\/galerie\/index.php\/wp-json\/wp\/v2\/pages\/5925","targetHints":{"allow":["GET"]}}],"collection":[{"href":"https:\/\/www.19paulfort.com\/galerie\/index.php\/wp-json\/wp\/v2\/pages"}],"about":[{"href":"https:\/\/www.19paulfort.com\/galerie\/index.php\/wp-json\/wp\/v2\/types\/page"}],"author":[{"embeddable":true,"href":"https:\/\/www.19paulfort.com\/galerie\/index.php\/wp-json\/wp\/v2\/users\/1"}],"replies":[{"embeddable":true,"href":"https:\/\/www.19paulfort.com\/galerie\/index.php\/wp-json\/wp\/v2\/comments?post=5925"}],"version-history":[{"count":27,"href":"https:\/\/www.19paulfort.com\/galerie\/index.php\/wp-json\/wp\/v2\/pages\/5925\/revisions"}],"predecessor-version":[{"id":13895,"href":"https:\/\/www.19paulfort.com\/galerie\/index.php\/wp-json\/wp\/v2\/pages\/5925\/revisions\/13895"}],"wp:attachment":[{"href":"https:\/\/www.19paulfort.com\/galerie\/index.php\/wp-json\/wp\/v2\/media?parent=5925"}],"curies":[{"name":"wp","href":"https:\/\/api.w.org\/{rel}","templated":true}]}}